{"id":1004,"date":"2022-08-16T04:31:07","date_gmt":"2022-08-16T04:31:07","guid":{"rendered":"https:\/\/demo.webtend.net\/wp\/oxence-light\/?page_id=1004"},"modified":"2025-03-04T16:34:03","modified_gmt":"2025-03-04T15:34:03","slug":"about-us","status":"publish","type":"page","link":"https:\/\/favelektrik.al\/wp\/?page_id=1004","title":{"rendered":"About us"},"content":{"rendered":"\t\t<div data-elementor-type=\"wp-page\" data-elementor-id=\"1004\" class=\"elementor elementor-1004\" data-elementor-post-type=\"page\">\n\t\t\t\t\t\t<section class=\"elementor-section elementor-top-section elementor-element elementor-element-2a8bba8 elementor-reverse-tablet elementor-reverse-mobile elementor-section-boxed elementor-section-height-default elementor-section-height-default\" data-id=\"2a8bba8\" data-element_type=\"section\">\n\t\t\t\t\t\t<div class=\"elementor-container elementor-column-gap-default\">\n\t\t\t\t\t<div class=\"elementor-column elementor-col-50 elementor-top-column elementor-element elementor-element-a8078d7 elementor-invisible\" data-id=\"a8078d7\" data-element_type=\"column\" data-settings=\"{&quot;animation&quot;:&quot;fadeInRight&quot;}\">\n\t\t\t<div class=\"elementor-widget-wrap elementor-element-populated\">\n\t\t\t\t\t\t<div class=\"elementor-element elementor-element-434ee6e elementor-widget elementor-widget-oxence-advanced-heading\" data-id=\"434ee6e\" data-element_type=\"widget\" data-widget_type=\"oxence-advanced-heading.default\">\n\t\t\t\t<div class=\"elementor-widget-container\">\n\t\t\t\t\t        <div class=\"oxence-advanced-heading\">\n                            <div class=\"sub-heading\">\n                                            <span class=\"arrow-line\">\n                            <svg version=\"1.1\" xmlns=\"http:\/\/www.w3.org\/2000\/svg\" viewBox=\"0 0 4.15 1.83\"><path d=\"M0.1,0.57C0.25,0.5,0.39,0.4,0.54,0.32C0.69,0.25,0.85,0.2,1.01,0.19c0.3-0.02,0.57,0.11,0.69,0.39 c0.12,0.27,0.14,0.57,0.39,0.76c0.22,0.17,0.5,0.21,0.77,0.22c0.16,0,0.33-0.01,0.49-0.03C3.43,1.51,3.52,1.5,3.61,1.48 c0.08-0.01,0.17-0.02,0.24-0.06c0.04-0.02,0.02-0.07-0.02-0.07C3.75,1.34,3.68,1.37,3.61,1.38C3.53,1.4,3.46,1.42,3.38,1.43 C3.23,1.46,3.07,1.47,2.91,1.47c-0.29,0-0.63-0.04-0.84-0.26c-0.23-0.23-0.2-0.59-0.39-0.84C1.52,0.18,1.26,0.1,1.01,0.11 C0.85,0.12,0.69,0.17,0.54,0.24c-0.16,0.08-0.34,0.17-0.47,0.3C0.06,0.55,0.08,0.58,0.1,0.57L0.1,0.57z\"\/><polygon points=\"4.06,1.39 3.81,1.24 3.55,1.09 3.78,1.41 3.61,1.76 3.84,1.57\"\/><\/svg>                        <\/span>\n                                        <span class=\"sub-heading-text\">Kush jemi ne<\/span>                                    <\/div>\n                        <h3 class=\"main-heading\"><span class=\"main-text\">Ne jemi kompani me staf te specializuar<\/span><\/h3>        <\/div>\n        \t\t\t\t<\/div>\n\t\t\t\t<\/div>\n\t\t\t\t<section class=\"elementor-section elementor-inner-section elementor-element elementor-element-3267541 elementor-section-boxed elementor-section-height-default elementor-section-height-default\" data-id=\"3267541\" data-element_type=\"section\">\n\t\t\t\t\t\t<div class=\"elementor-container elementor-column-gap-default\">\n\t\t\t\t\t<div class=\"elementor-column elementor-col-100 elementor-inner-column elementor-element elementor-element-4fe5500\" data-id=\"4fe5500\" data-element_type=\"column\">\n\t\t\t<div class=\"elementor-widget-wrap elementor-element-populated\">\n\t\t\t\t\t\t<div class=\"elementor-element elementor-element-d391956 elementor-widget elementor-widget-oxence-info-box\" data-id=\"d391956\" data-element_type=\"widget\" data-widget_type=\"oxence-info-box.default\">\n\t\t\t\t<div class=\"elementor-widget-container\">\n\t\t\t\t\t        <div class=\"oxence-info-box text-left icon-top\">\n                        <div class=\"box-content\">\n                                    <h6 class=\"box-title\">\n                        <span class=\"title-text\">Rreth FAV Elektrik <\/span>                    <\/h6>\n                                <p class=\"description\">Rreth FAV Elektrik Shpk\nFAV Elektrik Shpk \u00ebsht\u00eb nj\u00eb kompani e licencuar dhe e specializuar n\u00eb fush\u00ebn e inxhinieris\u00eb elektrike. Me nj\u00eb ekip t\u00eb p\u00ebrkushtuar profesionist\u00ebsh dhe nj\u00eb p\u00ebrvoj\u00eb t\u00eb gjer\u00eb n\u00eb treg, ne ofrojm\u00eb sh\u00ebrbime t\u00eb besueshme dhe cil\u00ebsore p\u00ebr projekte t\u00eb ndryshme elektrike.<\/p>            <\/div>\n                                <\/div>\n        \t\t\t\t<\/div>\n\t\t\t\t<\/div>\n\t\t\t\t\t<\/div>\n\t\t<\/div>\n\t\t\t\t\t<\/div>\n\t\t<\/section>\n\t\t\t\t\t<\/div>\n\t\t<\/div>\n\t\t\t\t<div class=\"elementor-column elementor-col-50 elementor-top-column elementor-element elementor-element-c2520d5\" data-id=\"c2520d5\" data-element_type=\"column\">\n\t\t\t<div class=\"elementor-widget-wrap elementor-element-populated\">\n\t\t\t\t\t\t<div class=\"elementor-element elementor-element-74b88d1 elementor-invisible elementor-widget elementor-widget-image\" data-id=\"74b88d1\" data-element_type=\"widget\" data-settings=\"{&quot;_animation&quot;:&quot;fadeInUp&quot;}\" data-widget_type=\"image.default\">\n\t\t\t\t<div class=\"elementor-widget-container\">\n\t\t\t\t\t\t\t\t\t\t\t\t\t\t\t<img fetchpriority=\"high\" decoding=\"async\" width=\"1000\" height=\"667\" src=\"https:\/\/favelektrik.al\/wp\/wp-content\/uploads\/2025\/02\/el33.webp\" class=\"attachment-large size-large wp-image-5023\" alt=\"\" srcset=\"https:\/\/favelektrik.al\/wp\/wp-content\/uploads\/2025\/02\/el33.webp 1000w, https:\/\/favelektrik.al\/wp\/wp-content\/uploads\/2025\/02\/el33-300x200.webp 300w, https:\/\/favelektrik.al\/wp\/wp-content\/uploads\/2025\/02\/el33-768x512.webp 768w\" sizes=\"(max-width: 1000px) 100vw, 1000px\" \/>\t\t\t\t\t\t\t\t\t\t\t\t\t\t\t<\/div>\n\t\t\t\t<\/div>\n\t\t\t\t<div class=\"elementor-element elementor-element-99003d1 elementor-widget__width-auto elementor-invisible elementor-widget elementor-widget-image\" data-id=\"99003d1\" data-element_type=\"widget\" data-settings=\"{&quot;_animation&quot;:&quot;fadeInUp&quot;}\" data-widget_type=\"image.default\">\n\t\t\t\t<div class=\"elementor-widget-container\">\n\t\t\t\t\t\t\t\t\t\t\t\t\t\t\t<img decoding=\"async\" src=\"https:\/\/wp.webtend.net\/oxence\/light\/wp-content\/uploads\/2022\/08\/about-gallery-01.jpg\" title=\"\" alt=\"\" loading=\"lazy\" \/>\t\t\t\t\t\t\t\t\t\t\t\t\t\t\t<\/div>\n\t\t\t\t<\/div>\n\t\t\t\t<div class=\"elementor-element elementor-element-bd3b5dd elementor-widget__width-auto elementor-invisible elementor-widget elementor-widget-image\" data-id=\"bd3b5dd\" data-element_type=\"widget\" data-settings=\"{&quot;_animation&quot;:&quot;fadeInUp&quot;}\" data-widget_type=\"image.default\">\n\t\t\t\t<div class=\"elementor-widget-container\">\n\t\t\t\t\t\t\t\t\t\t\t\t\t\t\t<img decoding=\"async\" src=\"https:\/\/wp.webtend.net\/oxence\/light\/wp-content\/uploads\/2022\/08\/about-gallery-02.jpg\" title=\"\" alt=\"\" loading=\"lazy\" \/>\t\t\t\t\t\t\t\t\t\t\t\t\t\t\t<\/div>\n\t\t\t\t<\/div>\n\t\t\t\t<div class=\"elementor-element elementor-element-fa37ae7 elementor-widget__width-auto elementor-absolute elementor-invisible elementor-widget elementor-widget-oxence-counter\" data-id=\"fa37ae7\" data-element_type=\"widget\" data-settings=\"{&quot;_position&quot;:&quot;absolute&quot;,&quot;_animation&quot;:&quot;fadeInUp&quot;}\" data-widget_type=\"oxence-counter.default\">\n\t\t\t\t<div class=\"elementor-widget-container\">\n\t\t\t\t\t        <div class=\"oxence-counter-box\">\n                                    <div class=\"counter-wrap\">\n                <span class=\"elementor-counter-number\" data-duration=\"2000\" data-to-value=\"10\" data-from-value=\"1\" data-delimiter=\",\">1<\/span><span class=\"counter-suffix\">+<\/span>            <\/div>\n                        <h6 class=\"counter-title\">Vite Eksperience<\/h6>        <\/div>\n        \t\t\t\t<\/div>\n\t\t\t\t<\/div>\n\t\t\t\t\t<\/div>\n\t\t<\/div>\n\t\t\t\t\t<\/div>\n\t\t<\/section>\n\t\t\t\t<section class=\"elementor-section elementor-top-section elementor-element elementor-element-d480057 elementor-reverse-tablet elementor-reverse-mobile elementor-section-boxed elementor-section-height-default elementor-section-height-default\" data-id=\"d480057\" data-element_type=\"section\">\n\t\t\t\t\t\t\t<div class=\"elementor-background-overlay\"><\/div>\n\t\t\t\t\t\t\t<div class=\"elementor-container elementor-column-gap-default\">\n\t\t\t\t\t<div class=\"elementor-column elementor-col-50 elementor-top-column elementor-element elementor-element-92f3503 elementor-invisible\" data-id=\"92f3503\" data-element_type=\"column\" data-settings=\"{&quot;animation&quot;:&quot;fadeInLeft&quot;}\">\n\t\t\t<div class=\"elementor-widget-wrap elementor-element-populated\">\n\t\t\t\t\t\t<div class=\"elementor-element elementor-element-470ab60 elementor-widget elementor-widget-oxence-advanced-heading\" data-id=\"470ab60\" data-element_type=\"widget\" data-widget_type=\"oxence-advanced-heading.default\">\n\t\t\t\t<div class=\"elementor-widget-container\">\n\t\t\t\t\t        <div class=\"oxence-advanced-heading\">\n                            <div class=\"sub-heading\">\n                                        <span class=\"sub-heading-text\">Pse t\u00eb Zgjidhni FAV Elektrik<\/span>                                            <span class=\"dots dots-left\">\n                            <span><\/span>\n                            <span><\/span>\n                            <span><\/span>\n                        <\/span>\n                                                            <\/div>\n                        <h3 class=\"main-heading\"><span class=\"main-text\">Ja pse FAV Elektrik \u00ebsht\u00eb zgjedhja m\u00eb e mir\u00eb:<\/span><\/h3>        <\/div>\n        \t\t\t\t<\/div>\n\t\t\t\t<\/div>\n\t\t\t\t<div class=\"elementor-element elementor-element-0f41b3b elementor-widget elementor-widget-oxence-info-box\" data-id=\"0f41b3b\" data-element_type=\"widget\" data-widget_type=\"oxence-info-box.default\">\n\t\t\t\t<div class=\"elementor-widget-container\">\n\t\t\t\t\t        <div class=\"oxence-info-box text-left icon-left\">\n                    <div class=\"box-icon\">\n                                                <i aria-hidden=\"true\" class=\"fas fa-check\"><\/i>                                    <\/div>\n                    <div class=\"box-content\">\n                                    <h4 class=\"box-title\">\n                        <span class=\"title-text\">Ekspertiz\u00eb dhe Profesionaliz\u00ebm<\/span>                    <\/h4>\n                                <p class=\"description\">Me nj\u00eb ekip inxhinier\u00ebsh t\u00eb kualifikuar dhe m\u00eb shum\u00eb se 10 vite p\u00ebrvoj\u00eb n\u00eb fush\u00ebn e inxhinieris\u00eb elektrike, ne sigurojm\u00eb zgjidhje t\u00eb besueshme dhe t\u00eb certifikuara.<\/p>            <\/div>\n                                <\/div>\n        \t\t\t\t<\/div>\n\t\t\t\t<\/div>\n\t\t\t\t<div class=\"elementor-element elementor-element-1d598ca elementor-widget elementor-widget-oxence-info-box\" data-id=\"1d598ca\" data-element_type=\"widget\" data-widget_type=\"oxence-info-box.default\">\n\t\t\t\t<div class=\"elementor-widget-container\">\n\t\t\t\t\t        <div class=\"oxence-info-box text-left icon-left\">\n                    <div class=\"box-icon\">\n                                                <i aria-hidden=\"true\" class=\"fas fa-check\"><\/i>                                    <\/div>\n                    <div class=\"box-content\">\n                                    <h4 class=\"box-title\">\n                        <span class=\"title-text\">Projektim Elektrik<\/span>                    <\/h4>\n                                <p class=\"description\">Hartimi dhe zhvillimi i projekteve t\u00eb sistemeve elektrike p\u00ebr nd\u00ebrtesa rezidenciale, komerciale dhe industriale.<\/p>            <\/div>\n                                <\/div>\n        \t\t\t\t<\/div>\n\t\t\t\t<\/div>\n\t\t\t\t<div class=\"elementor-element elementor-element-7b8c90d elementor-widget elementor-widget-oxence-info-box\" data-id=\"7b8c90d\" data-element_type=\"widget\" data-widget_type=\"oxence-info-box.default\">\n\t\t\t\t<div class=\"elementor-widget-container\">\n\t\t\t\t\t        <div class=\"oxence-info-box text-left icon-left\">\n                    <div class=\"box-icon\">\n                                                <i aria-hidden=\"true\" class=\"fas fa-check\"><\/i>                                    <\/div>\n                    <div class=\"box-content\">\n                                    <h4 class=\"box-title\">\n                        <span class=\"title-text\">Supervizim<\/span>                    <\/h4>\n                                <p class=\"description\">Mbik\u00ebqyrje dhe monitorim profesional gjat\u00eb implementimit t\u00eb projekteve elektrike p\u00ebr t\u00eb garantuar cil\u00ebsin\u00eb dhe p\u00ebrputhshm\u00ebrin\u00eb me standardet.<\/p>            <\/div>\n                                <\/div>\n        \t\t\t\t<\/div>\n\t\t\t\t<\/div>\n\t\t\t\t<div class=\"elementor-element elementor-element-bc26f5b elementor-widget elementor-widget-oxence-info-box\" data-id=\"bc26f5b\" data-element_type=\"widget\" data-widget_type=\"oxence-info-box.default\">\n\t\t\t\t<div class=\"elementor-widget-container\">\n\t\t\t\t\t        <div class=\"oxence-info-box text-left icon-left\">\n                    <div class=\"box-icon\">\n                                                <i aria-hidden=\"true\" class=\"fas fa-check\"><\/i>                                    <\/div>\n                    <div class=\"box-content\">\n                                    <h4 class=\"box-title\">\n                        <span class=\"title-text\">Kolaudim<\/span>                    <\/h4>\n                                <p class=\"description\">Verifikimi dhe testimi i sistemeve elektrike p\u00ebr t\u00eb siguruar funksionalitetin, sigurin\u00eb dhe efikasitetin maksimal.<\/p>            <\/div>\n                                <\/div>\n        \t\t\t\t<\/div>\n\t\t\t\t<\/div>\n\t\t\t\t<div class=\"elementor-element elementor-element-75c0036 elementor-widget elementor-widget-oxence-info-box\" data-id=\"75c0036\" data-element_type=\"widget\" data-widget_type=\"oxence-info-box.default\">\n\t\t\t\t<div class=\"elementor-widget-container\">\n\t\t\t\t\t        <div class=\"oxence-info-box text-left icon-left\">\n                    <div class=\"box-icon\">\n                                                <i aria-hidden=\"true\" class=\"fas fa-check\"><\/i>                                    <\/div>\n                    <div class=\"box-content\">\n                                    <h4 class=\"box-title\">\n                        <span class=\"title-text\">Konsulenc\u00eb Elektrike<\/span>                    <\/h4>\n                                <p class=\"description\">Ofrimi i zgjidhjeve t\u00eb personalizuara dhe ekspertiz\u00ebs teknike p\u00ebr klient\u00ebt q\u00eb k\u00ebrkojn\u00eb k\u00ebshilla profesionale.<\/p>            <\/div>\n                                <\/div>\n        \t\t\t\t<\/div>\n\t\t\t\t<\/div>\n\t\t\t\t<div class=\"elementor-element elementor-element-a13d02d elementor-widget elementor-widget-oxence-info-box\" data-id=\"a13d02d\" data-element_type=\"widget\" data-widget_type=\"oxence-info-box.default\">\n\t\t\t\t<div class=\"elementor-widget-container\">\n\t\t\t\t\t        <div class=\"oxence-info-box text-left icon-left\">\n                    <div class=\"box-icon\">\n                                                <i aria-hidden=\"true\" class=\"fas fa-check\"><\/i>                                    <\/div>\n                    <div class=\"box-content\">\n                                    <h4 class=\"box-title\">\n                        <span class=\"title-text\">Mir\u00ebmbajtje<\/span>                    <\/h4>\n                                <p class=\"description\">Kujdesi dhe mir\u00ebmbajtja e sistemeve elektrike p\u00ebr t\u00eb garantuar funksionimin e tyre t\u00eb pand\u00ebrprer\u00eb.<\/p>            <\/div>\n                                <\/div>\n        \t\t\t\t<\/div>\n\t\t\t\t<\/div>\n\t\t\t\t<div class=\"elementor-element elementor-element-f04f664 elementor-widget elementor-widget-oxence-info-box\" data-id=\"f04f664\" data-element_type=\"widget\" data-widget_type=\"oxence-info-box.default\">\n\t\t\t\t<div class=\"elementor-widget-container\">\n\t\t\t\t\t        <div class=\"oxence-info-box text-left icon-left\">\n                    <div class=\"box-icon\">\n                                                <i aria-hidden=\"true\" class=\"fas fa-check\"><\/i>                                    <\/div>\n                    <div class=\"box-content\">\n                                    <h4 class=\"box-title\">\n                        <span class=\"title-text\">Punime Elektrike<\/span>                    <\/h4>\n                                <p class=\"description\">Instalimi dhe implementimi i sistemeve elektrike p\u00ebr nj\u00eb gam\u00eb t\u00eb gjer\u00eb projektesh dhe k\u00ebrkesash.<\/p>            <\/div>\n                                <\/div>\n        \t\t\t\t<\/div>\n\t\t\t\t<\/div>\n\t\t\t\t\t<\/div>\n\t\t<\/div>\n\t\t\t\t<div class=\"elementor-column elementor-col-50 elementor-top-column elementor-element elementor-element-25eafae\" data-id=\"25eafae\" data-element_type=\"column\">\n\t\t\t<div class=\"elementor-widget-wrap elementor-element-populated\">\n\t\t\t\t\t\t<div class=\"elementor-element elementor-element-eb63e49 elementor-invisible elementor-widget elementor-widget-image\" data-id=\"eb63e49\" data-element_type=\"widget\" data-settings=\"{&quot;_animation&quot;:&quot;fadeInRight&quot;}\" data-widget_type=\"image.default\">\n\t\t\t\t<div class=\"elementor-widget-container\">\n\t\t\t\t\t\t\t\t\t\t\t\t\t\t\t<img decoding=\"async\" width=\"1024\" height=\"624\" src=\"https:\/\/favelektrik.al\/wp\/wp-content\/uploads\/2025\/02\/el23-1024x624.jpg\" class=\"attachment-large size-large wp-image-5019\" alt=\"\" srcset=\"https:\/\/favelektrik.al\/wp\/wp-content\/uploads\/2025\/02\/el23-1024x624.jpg 1024w, https:\/\/favelektrik.al\/wp\/wp-content\/uploads\/2025\/02\/el23-300x183.jpg 300w, https:\/\/favelektrik.al\/wp\/wp-content\/uploads\/2025\/02\/el23-768x468.jpg 768w, https:\/\/favelektrik.al\/wp\/wp-content\/uploads\/2025\/02\/el23.jpg 1200w\" sizes=\"(max-width: 1024px) 100vw, 1024px\" \/>\t\t\t\t\t\t\t\t\t\t\t\t\t\t\t<\/div>\n\t\t\t\t<\/div>\n\t\t\t\t\t<\/div>\n\t\t<\/div>\n\t\t\t\t\t<\/div>\n\t\t<\/section>\n\t\t\t\t<section class=\"elementor-section elementor-top-section elementor-element elementor-element-b8246cd elementor-reverse-tablet elementor-reverse-mobile elementor-section-boxed elementor-section-height-default elementor-section-height-default\" data-id=\"b8246cd\" data-element_type=\"section\" data-settings=\"{&quot;background_background&quot;:&quot;classic&quot;}\">\n\t\t\t\t\t\t<div class=\"elementor-container elementor-column-gap-default\">\n\t\t\t\t\t<div class=\"elementor-column elementor-col-100 elementor-top-column elementor-element elementor-element-4927ba5 elementor-invisible\" data-id=\"4927ba5\" data-element_type=\"column\" data-settings=\"{&quot;animation&quot;:&quot;fadeInUp&quot;}\">\n\t\t\t<div class=\"elementor-widget-wrap elementor-element-populated\">\n\t\t\t\t\t\t<div class=\"elementor-element elementor-element-6a31b3e elementor-widget__width-initial elementor-widget elementor-widget-text-editor\" data-id=\"6a31b3e\" data-element_type=\"widget\" data-widget_type=\"text-editor.default\">\n\t\t\t\t<div class=\"elementor-widget-container\">\n\t\t\t\t\t\t\t\t\t<h3 data-start=\"738\" data-end=\"766\"><strong data-start=\"742\" data-end=\"764\">Historiku dhe Zhvillimi i FAV Elektrik<\/strong><\/h3><p data-start=\"142\" data-end=\"505\"><strong data-start=\"142\" data-end=\"163\">FAV Elektrik<\/strong>\u00a0u themelua n\u00eb fillim t\u00eb vitit 2020 nga tre miq t\u00eb ngusht\u00eb, t\u00eb cil\u00ebt ndanin nj\u00eb pasion t\u00eb p\u00ebrbashk\u00ebt p\u00ebr inxhinierin\u00eb elektrike dhe projektimin. Pas m\u00eb shum\u00eb se 10 viteve p\u00ebrvoj\u00eb t\u00eb pavarur n\u00eb fushat e inxhinieris\u00eb elektrike dhe nd\u00ebrtimit, ata vendos\u00ebn t\u00eb bashkohen p\u00ebr t\u00eb realizuar \u00ebndrr\u00ebn e tyre p\u00ebr nj\u00eb biznes t\u00eb suksessh\u00ebm dhe inovativ.<\/p><p data-start=\"507\" data-end=\"736\">Themelimi i kompanis\u00eb u mb\u00ebshtet nga vlerat kryesore t\u00eb p\u00ebrkushtimit, cil\u00ebsis\u00eb dhe profesionalizmit. Pasioni i tyre p\u00ebr t\u00eb ofruar zgjidhje t\u00eb avancuara dhe t\u00eb besueshme elektrike u shnd\u00ebrrua n\u00eb themelin e suksesit t\u00eb kompanis\u00eb.<\/p><h3 data-start=\"738\" data-end=\"766\"><strong data-start=\"742\" data-end=\"764\">Rritja dhe Suksesi<\/strong><\/h3><p data-start=\"767\" data-end=\"1140\">Pavar\u00ebsisht sfidave t\u00eb fillimit, p\u00ebrkushtimi p\u00ebr arritjen e standardeve m\u00eb t\u00eb larta t\u00eb cil\u00ebsis\u00eb dhe k\u00ebnaq\u00ebsis\u00eb s\u00eb klient\u00ebve e ndihmoi <strong data-start=\"901\" data-end=\"922\">FAV Elektrik Shpk<\/strong> t\u00eb arrij\u00eb rezultate t\u00eb dukshme n\u00eb nj\u00eb koh\u00eb t\u00eb shkurt\u00ebr. Kompania nisi me fokus t\u00eb qart\u00eb n\u00eb projektimin dhe zbatimin e projekteve elektrike, duke ofruar sh\u00ebrbime profesionale dhe t\u00eb personalizuara p\u00ebr klient\u00ebt e saj.<\/p><p data-start=\"1142\" data-end=\"1433\">Sot, <strong data-start=\"1147\" data-end=\"1168\">FAV Elektrik Shpk<\/strong> ka nj\u00eb staf t\u00eb p\u00ebrkushtuar prej 25 profesionist\u00ebsh me p\u00ebrvoj\u00eb, t\u00eb cil\u00ebt ndajn\u00eb nj\u00eb vizion t\u00eb p\u00ebrbashk\u00ebt p\u00ebr t\u00eb siguruar sh\u00ebrbime t\u00eb shk\u00eblqyera. Ky ekip i dedikuar vazhdon t\u00eb p\u00ebrmbush\u00eb nevojat e klient\u00ebve me nj\u00eb qasje inovative dhe t\u00eb orientuar drejt rezultateve.<\/p><p data-start=\"1142\" data-end=\"1433\">\u00a0<\/p>\t\t\t\t\t\t\t\t<\/div>\n\t\t\t\t<\/div>\n\t\t\t\t\t<\/div>\n\t\t<\/div>\n\t\t\t\t\t<\/div>\n\t\t<\/section>\n\t\t\t\t<section class=\"elementor-section elementor-top-section elementor-element elementor-element-e1cb50f elementor-section-boxed elementor-section-height-default elementor-section-height-default\" data-id=\"e1cb50f\" data-element_type=\"section\">\n\t\t\t\t\t\t<div class=\"elementor-container elementor-column-gap-default\">\n\t\t\t\t\t<div class=\"elementor-column elementor-col-100 elementor-top-column elementor-element elementor-element-8b0bdd3 elementor-invisible\" data-id=\"8b0bdd3\" data-element_type=\"column\" data-settings=\"{&quot;animation&quot;:&quot;fadeInUp&quot;}\">\n\t\t\t<div class=\"elementor-widget-wrap\">\n\t\t\t\t\t\t\t<\/div>\n\t\t<\/div>\n\t\t\t\t\t<\/div>\n\t\t<\/section>\n\t\t\t\t<\/div>\n\t\t","protected":false},"excerpt":{"rendered":"<p>Kush jemi ne Ne jemi kompani me staf te specializuar Rreth FAV Elektrik Rreth FAV Elektrik Shpk FAV Elektrik Shpk \u00ebsht\u00eb nj\u00eb kompani e licencuar dhe e specializuar n\u00eb fush\u00ebn e inxhinieris\u00eb elektrike. Me nj\u00eb ekip t\u00eb p\u00ebrkushtuar profesionist\u00ebsh dhe nj\u00eb p\u00ebrvoj\u00eb t\u00eb gjer\u00eb n\u00eb treg, ne ofrojm\u00eb sh\u00ebrbime t\u00eb besueshme dhe cil\u00ebsore p\u00ebr projekte [&hellip;]<\/p>\n","protected":false},"author":2,"featured_media":0,"parent":0,"menu_order":0,"comment_status":"closed","ping_status":"closed","template":"","meta":{"pagelayer_contact_templates":[],"_pagelayer_content":"","footnotes":""},"class_list":["post-1004","page","type-page","status-publish","hentry"],"_links":{"self":[{"href":"https:\/\/favelektrik.al\/wp\/index.php?rest_route=\/wp\/v2\/pages\/1004","targetHints":{"allow":["GET"]}}],"collection":[{"href":"https:\/\/favelektrik.al\/wp\/index.php?rest_route=\/wp\/v2\/pages"}],"about":[{"href":"https:\/\/favelektrik.al\/wp\/index.php?rest_route=\/wp\/v2\/types\/page"}],"author":[{"embeddable":true,"href":"https:\/\/favelektrik.al\/wp\/index.php?rest_route=\/wp\/v2\/users\/2"}],"replies":[{"embeddable":true,"href":"https:\/\/favelektrik.al\/wp\/index.php?rest_route=%2Fwp%2Fv2%2Fcomments&post=1004"}],"version-history":[{"count":10,"href":"https:\/\/favelektrik.al\/wp\/index.php?rest_route=\/wp\/v2\/pages\/1004\/revisions"}],"predecessor-version":[{"id":5224,"href":"https:\/\/favelektrik.al\/wp\/index.php?rest_route=\/wp\/v2\/pages\/1004\/revisions\/5224"}],"wp:attachment":[{"href":"https:\/\/favelektrik.al\/wp\/index.php?rest_route=%2Fwp%2Fv2%2Fmedia&parent=1004"}],"curies":[{"name":"wp","href":"https:\/\/api.w.org\/{rel}","templated":true}]}}