{"id":1058,"date":"2022-08-19T14:46:45","date_gmt":"2022-08-19T14:46:45","guid":{"rendered":"https:\/\/demo.webtend.net\/wp\/oxence-light\/?page_id=1058"},"modified":"2025-03-05T15:01:31","modified_gmt":"2025-03-05T14:01:31","slug":"project-grid","status":"publish","type":"page","link":"https:\/\/favelektrik.al\/wp\/?page_id=1058","title":{"rendered":"Project Grid"},"content":{"rendered":"\t\t<div data-elementor-type=\"wp-page\" data-elementor-id=\"1058\" class=\"elementor elementor-1058\" data-elementor-post-type=\"page\">\n\t\t\t\t\t\t<section class=\"elementor-section elementor-top-section elementor-element elementor-element-115b02c elementor-section-boxed elementor-section-height-default elementor-section-height-default\" data-id=\"115b02c\" data-element_type=\"section\">\n\t\t\t\t\t\t<div class=\"elementor-container elementor-column-gap-default\">\n\t\t\t\t\t<div class=\"elementor-column elementor-col-100 elementor-top-column elementor-element elementor-element-52d25a5\" data-id=\"52d25a5\" data-element_type=\"column\">\n\t\t\t<div class=\"elementor-widget-wrap elementor-element-populated\">\n\t\t\t\t\t\t<section class=\"elementor-section elementor-inner-section elementor-element elementor-element-ae7c8af elementor-section-boxed elementor-section-height-default elementor-section-height-default\" data-id=\"ae7c8af\" data-element_type=\"section\">\n\t\t\t\t\t\t<div class=\"elementor-container elementor-column-gap-default\">\n\t\t\t\t\t<div class=\"elementor-column elementor-col-50 elementor-inner-column elementor-element elementor-element-60af5d3\" data-id=\"60af5d3\" data-element_type=\"column\">\n\t\t\t<div class=\"elementor-widget-wrap elementor-element-populated\">\n\t\t\t\t\t\t<div class=\"elementor-element elementor-element-e7a1b5b elementor-widget__width-initial elementor-widget elementor-widget-oxence-advanced-heading\" data-id=\"e7a1b5b\" data-element_type=\"widget\" data-widget_type=\"oxence-advanced-heading.default\">\n\t\t\t\t<div class=\"elementor-widget-container\">\n\t\t\t\t\t        <div class=\"oxence-advanced-heading\">\n                            <div class=\"sub-heading\">\n                                        <span class=\"sub-heading-text\">Projekte te perfunduara<\/span>                                    <\/div>\n                        <h3 class=\"main-heading\"><span class=\"main-text\">Projektet Tona <br> D\u00ebshmi e Cil\u00ebsis\u00eb dhe Profesionalizmit<\/span><\/h3>        <\/div>\n        \t\t\t\t<\/div>\n\t\t\t\t<\/div>\n\t\t\t\t\t<\/div>\n\t\t<\/div>\n\t\t\t\t<div class=\"elementor-column elementor-col-50 elementor-inner-column elementor-element elementor-element-4629cf6\" data-id=\"4629cf6\" data-element_type=\"column\">\n\t\t\t<div class=\"elementor-widget-wrap\">\n\t\t\t\t\t\t\t<\/div>\n\t\t<\/div>\n\t\t\t\t\t<\/div>\n\t\t<\/section>\n\t\t\t\t<div class=\"elementor-element elementor-element-65dab74 elementor-widget elementor-widget-oxence-portfolio\" data-id=\"65dab74\" data-element_type=\"widget\" data-widget_type=\"oxence-portfolio.default\">\n\t\t\t\t<div class=\"elementor-widget-container\">\n\t\t\t\t\t        <div class=\"oxence-portfolio isotope-filter\">\n                    <div class=\"filter-nav-wrap\">\n            <ul class=\"filter-nav-items\">\n                <li data-filter=\"*\" class=\"active\">All<\/li>\n                                                            <li data-filter=\".business\">Business<\/li>\n                                                                                    <li data-filter=\".construction\">Construction<\/li>\n                                                                                    <li data-filter=\".education\">Education<\/li>\n                                                                                    <li data-filter=\".medical\">Medical<\/li>\n                                                                                    <li data-filter=\".saas\">Saas<\/li>\n                                                    <\/ul>\n        <\/div>\n        \n            <div class=\"row isotope-filter-grid\">\n                        <div class=\"isotope-filter-item col-lg-4 col-md-6 col-12 education medical\">\n            <div class=\"portfolio-item style-normal\">\n                <div class=\"portfolio-thumbnail\">\n                    <img fetchpriority=\"high\" decoding=\"async\" width=\"645\" height=\"560\" src=\"https:\/\/favelektrik.al\/wp\/wp-content\/uploads\/2025\/02\/el21-645x560.jpg\" class=\"attachment-oxence_850x560 size-oxence_850x560 wp-post-image\" alt=\"\" \/>                                        <a href=\"https:\/\/favelektrik.al\/wp\/?oxence_portfolio=dental-care-creative-web-template\" class=\"portfolio-link\">\n                        <i class=\"far fa-arrow-right\"><\/i>\n                    <\/a>\n                                    <\/div>\n                <div class=\"portfolio-content\">\n                    <div class=\"content\">\n                                                <h4 class=\"title\">\n                            <a href=\"https:\/\/favelektrik.al\/wp\/?oxence_portfolio=dental-care-creative-web-template\">\n                                Kapanoni i Xhamave Aluglass                            <\/a>\n                        <\/h4>\n                                                <div class=\"categories\">\n                            <a href=\"https:\/\/favelektrik.al\/wp\/?oxence_portfolio_category=education\" rel=\"tag\">Education<\/a><span>,<\/span><a href=\"https:\/\/favelektrik.al\/wp\/?oxence_portfolio_category=medical\" rel=\"tag\">Medical<\/a>                        <\/div>\n                                                                    <\/div>\n                                    <\/div>\n            <\/div>\n        <\/div>\n                <div class=\"isotope-filter-item col-lg-4 col-md-6 col-12 education medical\">\n            <div class=\"portfolio-item style-normal\">\n                <div class=\"portfolio-thumbnail\">\n                                                            <a href=\"https:\/\/favelektrik.al\/wp\/?oxence_portfolio=doctio-medical-health-website-template\" class=\"portfolio-link\">\n                        <i class=\"far fa-arrow-right\"><\/i>\n                    <\/a>\n                                    <\/div>\n                <div class=\"portfolio-content\">\n                    <div class=\"content\">\n                                                <h4 class=\"title\">\n                            <a href=\"https:\/\/favelektrik.al\/wp\/?oxence_portfolio=doctio-medical-health-website-template\">\n                                Doctio Medical Health Website Template                            <\/a>\n                        <\/h4>\n                                                <div class=\"categories\">\n                            <a href=\"https:\/\/favelektrik.al\/wp\/?oxence_portfolio_category=education\" rel=\"tag\">Education<\/a><span>,<\/span><a href=\"https:\/\/favelektrik.al\/wp\/?oxence_portfolio_category=medical\" rel=\"tag\">Medical<\/a>                        <\/div>\n                                                                    <\/div>\n                                    <\/div>\n            <\/div>\n        <\/div>\n                <div class=\"isotope-filter-item col-lg-4 col-md-6 col-12 business construction\">\n            <div class=\"portfolio-item style-normal\">\n                <div class=\"portfolio-thumbnail\">\n                                                            <a href=\"https:\/\/favelektrik.al\/wp\/?oxence_portfolio=fintex-business-corporate-website-template\" class=\"portfolio-link\">\n                        <i class=\"far fa-arrow-right\"><\/i>\n                    <\/a>\n                                    <\/div>\n                <div class=\"portfolio-content\">\n                    <div class=\"content\">\n                                                <h4 class=\"title\">\n                            <a href=\"https:\/\/favelektrik.al\/wp\/?oxence_portfolio=fintex-business-corporate-website-template\">\n                                Fintex Business Corporate Website Template                            <\/a>\n                        <\/h4>\n                                                <div class=\"categories\">\n                            <a href=\"https:\/\/favelektrik.al\/wp\/?oxence_portfolio_category=business\" rel=\"tag\">Business<\/a><span>,<\/span><a href=\"https:\/\/favelektrik.al\/wp\/?oxence_portfolio_category=construction\" rel=\"tag\">Construction<\/a>                        <\/div>\n                                                                    <\/div>\n                                    <\/div>\n            <\/div>\n        <\/div>\n                <div class=\"isotope-filter-item col-lg-4 col-md-6 col-12 construction saas\">\n            <div class=\"portfolio-item style-normal\">\n                <div class=\"portfolio-thumbnail\">\n                                                            <a href=\"https:\/\/favelektrik.al\/wp\/?oxence_portfolio=university-college-web-template\" class=\"portfolio-link\">\n                        <i class=\"far fa-arrow-right\"><\/i>\n                    <\/a>\n                                    <\/div>\n                <div class=\"portfolio-content\">\n                    <div class=\"content\">\n                                                <h4 class=\"title\">\n                            <a href=\"https:\/\/favelektrik.al\/wp\/?oxence_portfolio=university-college-web-template\">\n                                University College Web Template                            <\/a>\n                        <\/h4>\n                                                <div class=\"categories\">\n                            <a href=\"https:\/\/favelektrik.al\/wp\/?oxence_portfolio_category=construction\" rel=\"tag\">Construction<\/a><span>,<\/span><a href=\"https:\/\/favelektrik.al\/wp\/?oxence_portfolio_category=saas\" rel=\"tag\">Saas<\/a>                        <\/div>\n                                                                    <\/div>\n                                    <\/div>\n            <\/div>\n        <\/div>\n                <div class=\"isotope-filter-item col-lg-4 col-md-6 col-12 business saas\">\n            <div class=\"portfolio-item style-normal\">\n                <div class=\"portfolio-thumbnail\">\n                                                            <a href=\"https:\/\/favelektrik.al\/wp\/?oxence_portfolio=becoach-education-coach-web-template\" class=\"portfolio-link\">\n                        <i class=\"far fa-arrow-right\"><\/i>\n                    <\/a>\n                                    <\/div>\n                <div class=\"portfolio-content\">\n                    <div class=\"content\">\n                                                <h4 class=\"title\">\n                            <a href=\"https:\/\/favelektrik.al\/wp\/?oxence_portfolio=becoach-education-coach-web-template\">\n                                Becoach Education &#038; Coach Web..                            <\/a>\n                        <\/h4>\n                                                <div class=\"categories\">\n                            <a href=\"https:\/\/favelektrik.al\/wp\/?oxence_portfolio_category=business\" rel=\"tag\">Business<\/a><span>,<\/span><a href=\"https:\/\/favelektrik.al\/wp\/?oxence_portfolio_category=saas\" rel=\"tag\">Saas<\/a>                        <\/div>\n                                                                    <\/div>\n                                    <\/div>\n            <\/div>\n        <\/div>\n                <div class=\"isotope-filter-item col-lg-4 col-md-6 col-12 business construction\">\n            <div class=\"portfolio-item style-normal\">\n                <div class=\"portfolio-thumbnail\">\n                                                            <a href=\"https:\/\/favelektrik.al\/wp\/?oxence_portfolio=oxence-website-services-template\" class=\"portfolio-link\">\n                        <i class=\"far fa-arrow-right\"><\/i>\n                    <\/a>\n                                    <\/div>\n                <div class=\"portfolio-content\">\n                    <div class=\"content\">\n                                                <h4 class=\"title\">\n                            <a href=\"https:\/\/favelektrik.al\/wp\/?oxence_portfolio=oxence-website-services-template\">\n                                Oxence Website Services Template                            <\/a>\n                        <\/h4>\n                                                <div class=\"categories\">\n                            <a href=\"https:\/\/favelektrik.al\/wp\/?oxence_portfolio_category=business\" rel=\"tag\">Business<\/a><span>,<\/span><a href=\"https:\/\/favelektrik.al\/wp\/?oxence_portfolio_category=construction\" rel=\"tag\">Construction<\/a>                        <\/div>\n                                                                    <\/div>\n                                    <\/div>\n            <\/div>\n        <\/div>\n                <div class=\"isotope-filter-item col-lg-4 col-md-6 col-12 construction nfts\">\n            <div class=\"portfolio-item style-normal\">\n                <div class=\"portfolio-thumbnail\">\n                                                            <a href=\"https:\/\/favelektrik.al\/wp\/?oxence_portfolio=social-media-marketing-web-template\" class=\"portfolio-link\">\n                        <i class=\"far fa-arrow-right\"><\/i>\n                    <\/a>\n                                    <\/div>\n                <div class=\"portfolio-content\">\n                    <div class=\"content\">\n                                                <h4 class=\"title\">\n                            <a href=\"https:\/\/favelektrik.al\/wp\/?oxence_portfolio=social-media-marketing-web-template\">\n                                Social Media Marketing Web Template                            <\/a>\n                        <\/h4>\n                                                <div class=\"categories\">\n                            <a href=\"https:\/\/favelektrik.al\/wp\/?oxence_portfolio_category=construction\" rel=\"tag\">Construction<\/a><span>,<\/span><a href=\"https:\/\/favelektrik.al\/wp\/?oxence_portfolio_category=nfts\" rel=\"tag\">NFTs<\/a>                        <\/div>\n                                                                    <\/div>\n                                    <\/div>\n            <\/div>\n        <\/div>\n                <div class=\"isotope-filter-item col-lg-4 col-md-6 col-12 construction medical\">\n            <div class=\"portfolio-item style-normal\">\n                <div class=\"portfolio-thumbnail\">\n                                                            <a href=\"https:\/\/favelektrik.al\/wp\/?oxence_portfolio=web-design-landing-psd-template\" class=\"portfolio-link\">\n                        <i class=\"far fa-arrow-right\"><\/i>\n                    <\/a>\n                                    <\/div>\n                <div class=\"portfolio-content\">\n                    <div class=\"content\">\n                                                <h4 class=\"title\">\n                            <a href=\"https:\/\/favelektrik.al\/wp\/?oxence_portfolio=web-design-landing-psd-template\">\n                                Web Design Landing PSD Template                            <\/a>\n                        <\/h4>\n                                                <div class=\"categories\">\n                            <a href=\"https:\/\/favelektrik.al\/wp\/?oxence_portfolio_category=construction\" rel=\"tag\">Construction<\/a><span>,<\/span><a href=\"https:\/\/favelektrik.al\/wp\/?oxence_portfolio_category=medical\" rel=\"tag\">Medical<\/a>                        <\/div>\n                                                                    <\/div>\n                                    <\/div>\n            <\/div>\n        <\/div>\n                <div class=\"isotope-filter-item col-lg-4 col-md-6 col-12 business medical\">\n            <div class=\"portfolio-item style-normal\">\n                <div class=\"portfolio-thumbnail\">\n                                                            <a href=\"https:\/\/favelektrik.al\/wp\/?oxence_portfolio=oxence-website-psd-template\" class=\"portfolio-link\">\n                        <i class=\"far fa-arrow-right\"><\/i>\n                    <\/a>\n                                    <\/div>\n                <div class=\"portfolio-content\">\n                    <div class=\"content\">\n                                                <h4 class=\"title\">\n                            <a href=\"https:\/\/favelektrik.al\/wp\/?oxence_portfolio=oxence-website-psd-template\">\n                                Oxence Website PSD Template                            <\/a>\n                        <\/h4>\n                                                <div class=\"categories\">\n                            <a href=\"https:\/\/favelektrik.al\/wp\/?oxence_portfolio_category=business\" rel=\"tag\">Business<\/a><span>,<\/span><a href=\"https:\/\/favelektrik.al\/wp\/?oxence_portfolio_category=medical\" rel=\"tag\">Medical<\/a>                        <\/div>\n                                                                    <\/div>\n                                    <\/div>\n            <\/div>\n        <\/div>\n                <div class=\"isotope-filter-item col-lg-4 col-md-6 col-12 education saas\">\n            <div class=\"portfolio-item style-normal\">\n                <div class=\"portfolio-thumbnail\">\n                                                            <a href=\"https:\/\/favelektrik.al\/wp\/?oxence_portfolio=job-finding-mobile-applications\" class=\"portfolio-link\">\n                        <i class=\"far fa-arrow-right\"><\/i>\n                    <\/a>\n                                    <\/div>\n                <div class=\"portfolio-content\">\n                    <div class=\"content\">\n                                                <h4 class=\"title\">\n                            <a href=\"https:\/\/favelektrik.al\/wp\/?oxence_portfolio=job-finding-mobile-applications\">\n                                Job Finding Mobile Applications                            <\/a>\n                        <\/h4>\n                                                <div class=\"categories\">\n                            <a href=\"https:\/\/favelektrik.al\/wp\/?oxence_portfolio_category=education\" rel=\"tag\">Education<\/a><span>,<\/span><a href=\"https:\/\/favelektrik.al\/wp\/?oxence_portfolio_category=saas\" rel=\"tag\">Saas<\/a>                        <\/div>\n                                                                    <\/div>\n                                    <\/div>\n            <\/div>\n        <\/div>\n                <div class=\"isotope-filter-item col-lg-4 col-md-6 col-12 business saas\">\n            <div class=\"portfolio-item style-normal\">\n                <div class=\"portfolio-thumbnail\">\n                                                            <a href=\"https:\/\/favelektrik.al\/wp\/?oxence_portfolio=fintex-ewallet-psd-template\" class=\"portfolio-link\">\n                        <i class=\"far fa-arrow-right\"><\/i>\n                    <\/a>\n                                    <\/div>\n                <div class=\"portfolio-content\">\n                    <div class=\"content\">\n                                                <h4 class=\"title\">\n                            <a href=\"https:\/\/favelektrik.al\/wp\/?oxence_portfolio=fintex-ewallet-psd-template\">\n                                Fintex- eWallet PSD Template                            <\/a>\n                        <\/h4>\n                                                <div class=\"categories\">\n                            <a href=\"https:\/\/favelektrik.al\/wp\/?oxence_portfolio_category=business\" rel=\"tag\">Business<\/a><span>,<\/span><a href=\"https:\/\/favelektrik.al\/wp\/?oxence_portfolio_category=saas\" rel=\"tag\">Saas<\/a>                        <\/div>\n                                                                    <\/div>\n                                    <\/div>\n            <\/div>\n        <\/div>\n                    <\/div>\n        <\/div>\n        \t\t\t\t<\/div>\n\t\t\t\t<\/div>\n\t\t\t\t\t<\/div>\n\t\t<\/div>\n\t\t\t\t\t<\/div>\n\t\t<\/section>\n\t\t\t\t<\/div>\n\t\t","protected":false},"excerpt":{"rendered":"<p>Projekte te perfunduara Projektet Tona D\u00ebshmi e Cil\u00ebsis\u00eb dhe Profesionalizmit All Business Construction Education Medical Saas Kapanoni i Xhamave Aluglass Education,Medical Doctio Medical Health Website Template Education,Medical Fintex Business Corporate Website Template Business,Construction University College Web Template Construction,Saas Becoach Education &#038; Coach Web.. Business,Saas Oxence Website Services Template Business,Construction Social Media Marketing Web Template Construction,NFTs [&hellip;]<\/p>\n","protected":false},"author":2,"featured_media":0,"parent":0,"menu_order":0,"comment_status":"closed","ping_status":"closed","template":"","meta":{"pagelayer_contact_templates":[],"_pagelayer_content":"","footnotes":""},"class_list":["post-1058","page","type-page","status-publish","hentry"],"_links":{"self":[{"href":"https:\/\/favelektrik.al\/wp\/index.php?rest_route=\/wp\/v2\/pages\/1058","targetHints":{"allow":["GET"]}}],"collection":[{"href":"https:\/\/favelektrik.al\/wp\/index.php?rest_route=\/wp\/v2\/pages"}],"about":[{"href":"https:\/\/favelektrik.al\/wp\/index.php?rest_route=\/wp\/v2\/types\/page"}],"author":[{"embeddable":true,"href":"https:\/\/favelektrik.al\/wp\/index.php?rest_route=\/wp\/v2\/users\/2"}],"replies":[{"embeddable":true,"href":"https:\/\/favelektrik.al\/wp\/index.php?rest_route=%2Fwp%2Fv2%2Fcomments&post=1058"}],"version-history":[{"count":8,"href":"https:\/\/favelektrik.al\/wp\/index.php?rest_route=\/wp\/v2\/pages\/1058\/revisions"}],"predecessor-version":[{"id":5254,"href":"https:\/\/favelektrik.al\/wp\/index.php?rest_route=\/wp\/v2\/pages\/1058\/revisions\/5254"}],"wp:attachment":[{"href":"https:\/\/favelektrik.al\/wp\/index.php?rest_route=%2Fwp%2Fv2%2Fmedia&parent=1058"}],"curies":[{"name":"wp","href":"https:\/\/api.w.org\/{rel}","templated":true}]}}