{"id":1393,"date":"2022-08-21T17:56:45","date_gmt":"2022-08-21T17:56:45","guid":{"rendered":"https:\/\/demo.webtend.net\/wp\/oxence-light\/?page_id=1393"},"modified":"2025-04-09T10:29:12","modified_gmt":"2025-04-09T09:29:12","slug":"contact","status":"publish","type":"page","link":"https:\/\/favelektrik.al\/wp\/?page_id=1393","title":{"rendered":"Contact"},"content":{"rendered":"\t\t<div data-elementor-type=\"wp-page\" data-elementor-id=\"1393\" class=\"elementor elementor-1393\" data-elementor-post-type=\"page\">\n\t\t\t\t\t\t<section class=\"elementor-section elementor-top-section elementor-element elementor-element-e75c895 elementor-section-boxed elementor-section-height-default elementor-section-height-default\" data-id=\"e75c895\" data-element_type=\"section\">\n\t\t\t\t\t\t<div class=\"elementor-container elementor-column-gap-default\">\n\t\t\t\t\t<div class=\"elementor-column elementor-col-50 elementor-top-column elementor-element elementor-element-4e3e4c2\" data-id=\"4e3e4c2\" data-element_type=\"column\">\n\t\t\t<div class=\"elementor-widget-wrap elementor-element-populated\">\n\t\t\t\t\t\t<div class=\"elementor-element elementor-element-0856a1f elementor-widget elementor-widget-oxence-advanced-heading\" data-id=\"0856a1f\" data-element_type=\"widget\" data-widget_type=\"oxence-advanced-heading.default\">\n\t\t\t\t<div class=\"elementor-widget-container\">\n\t\t\t\t\t        <div class=\"oxence-advanced-heading\">\n                            <div class=\"sub-heading\">\n                                            <span class=\"arrow-line\">\n                            <svg version=\"1.1\" xmlns=\"http:\/\/www.w3.org\/2000\/svg\" viewBox=\"0 0 4.15 1.83\"><path d=\"M0.1,0.57C0.25,0.5,0.39,0.4,0.54,0.32C0.69,0.25,0.85,0.2,1.01,0.19c0.3-0.02,0.57,0.11,0.69,0.39 c0.12,0.27,0.14,0.57,0.39,0.76c0.22,0.17,0.5,0.21,0.77,0.22c0.16,0,0.33-0.01,0.49-0.03C3.43,1.51,3.52,1.5,3.61,1.48 c0.08-0.01,0.17-0.02,0.24-0.06c0.04-0.02,0.02-0.07-0.02-0.07C3.75,1.34,3.68,1.37,3.61,1.38C3.53,1.4,3.46,1.42,3.38,1.43 C3.23,1.46,3.07,1.47,2.91,1.47c-0.29,0-0.63-0.04-0.84-0.26c-0.23-0.23-0.2-0.59-0.39-0.84C1.52,0.18,1.26,0.1,1.01,0.11 C0.85,0.12,0.69,0.17,0.54,0.24c-0.16,0.08-0.34,0.17-0.47,0.3C0.06,0.55,0.08,0.58,0.1,0.57L0.1,0.57z\"\/><polygon points=\"4.06,1.39 3.81,1.24 3.55,1.09 3.78,1.41 3.61,1.76 3.84,1.57\"\/><\/svg>                        <\/span>\n                                        <span class=\"sub-heading-text\">Na Kontaktoni<\/span>                                    <\/div>\n                        <h3 class=\"main-heading\"><span class=\"main-text\">Jemi K\u00ebtu p\u00ebr T'ju Ndihmuar!<\/span><\/h3>        <\/div>\n        \t\t\t\t<\/div>\n\t\t\t\t<\/div>\n\t\t\t\t<div class=\"elementor-element elementor-element-1036de2 elementor-widget elementor-widget-text-editor\" data-id=\"1036de2\" data-element_type=\"widget\" data-widget_type=\"text-editor.default\">\n\t\t\t\t<div class=\"elementor-widget-container\">\n\t\t\t\t\t\t\t\t\t<p data-start=\"63\" data-end=\"263\">N\u00eb <strong data-start=\"66\" data-end=\"87\">FAV Elektrik<\/strong>, ofrojm\u00eb sh\u00ebrbime profesionale p\u00ebr <strong data-start=\"123\" data-end=\"167\">projektimin, instalimin dhe mir\u00ebmbajtjen<\/strong> e sistemeve elektrike p\u00ebr objekte t\u00eb ndryshme, duke garantuar siguri dhe efikasitet maksimal.<\/p><p data-start=\"265\" data-end=\"584\">\u2705 <strong data-start=\"267\" data-end=\"332\">Instalime elektrike p\u00ebr nd\u00ebrtesa banimi, biznese dhe industri<\/strong><br data-start=\"332\" data-end=\"335\" \/>\u2705 <strong data-start=\"337\" data-end=\"397\">Sistem kabllor modern dhe i organizuar sipas standardeve<\/strong><br data-start=\"397\" data-end=\"400\" \/>\u2705 <strong data-start=\"402\" data-end=\"455\">Automatizim dhe optimizim i konsumit t\u00eb energjis\u00eb<\/strong><br data-start=\"455\" data-end=\"458\" \/>\u2705 <strong data-start=\"460\" data-end=\"514\">Instalime t\u00eb ndri\u00e7imit t\u00eb brendsh\u00ebm dhe t\u00eb jasht\u00ebm<\/strong><br data-start=\"514\" data-end=\"517\" \/>\u2705 <strong data-start=\"519\" data-end=\"582\">Sisteme t\u00eb mbrojtjes nga mbingarkesa dhe goditjet elektrike<\/strong><\/p><p data-start=\"586\" data-end=\"724\">Ne p\u00ebrdorim pajisje cil\u00ebsore dhe teknologji t\u00eb avancuar p\u00ebr t\u00eb garantuar q\u00eb \u00e7do instalim t\u00eb jet\u00eb i <strong data-start=\"685\" data-end=\"721\">sigurt, funksional dhe afatgjat\u00eb<\/strong>.<\/p><p data-start=\"726\" data-end=\"781\" data-is-last-node=\"\" data-is-only-node=\"\">\ud83d\udcde <strong data-start=\"729\" data-end=\"750\">Na kontaktoni sot<\/strong> p\u00ebr nj\u00eb konsultim profesional!<\/p>\t\t\t\t\t\t\t\t<\/div>\n\t\t\t\t<\/div>\n\t\t\t\t<div class=\"elementor-element elementor-element-814aa0b elementor-widget__width-auto elementor-widget elementor-widget-oxence-cf7\" data-id=\"814aa0b\" data-element_type=\"widget\" data-widget_type=\"oxence-cf7.default\">\n\t\t\t\t<div class=\"elementor-widget-container\">\n\t\t\t\t\t            <div class=\"oxence-cf7\">\n                \n<div class=\"wpcf7 no-js\" id=\"wpcf7-f5083-o1\" lang=\"en-US\" dir=\"ltr\" data-wpcf7-id=\"5083\">\n<div class=\"screen-reader-response\"><p role=\"status\" aria-live=\"polite\" aria-atomic=\"true\"><\/p> <ul><\/ul><\/div>\n<form action=\"\/wp\/index.php?rest_route=%2Fwp%2Fv2%2Fpages%2F1393#wpcf7-f5083-o1\" method=\"post\" class=\"wpcf7-form init\" aria-label=\"Contact form\" novalidate=\"novalidate\" data-status=\"init\">\n<fieldset class=\"hidden-fields-container\"><input type=\"hidden\" name=\"_wpcf7\" value=\"5083\" \/><input type=\"hidden\" name=\"_wpcf7_version\" value=\"6.1.4\" \/><input type=\"hidden\" name=\"_wpcf7_locale\" value=\"en_US\" \/><input type=\"hidden\" name=\"_wpcf7_unit_tag\" value=\"wpcf7-f5083-o1\" \/><input type=\"hidden\" name=\"_wpcf7_container_post\" value=\"0\" \/><input type=\"hidden\" name=\"_wpcf7_posted_data_hash\" value=\"\" \/>\n<\/fieldset>\n<p><label> Your name<br \/>\n<span class=\"wpcf7-form-control-wrap\" data-name=\"your-name\"><input size=\"40\" maxlength=\"400\" class=\"wpcf7-form-control wpcf7-text wpcf7-validates-as-required\" autocomplete=\"name\" aria-required=\"true\" aria-invalid=\"false\" value=\"\" type=\"text\" name=\"your-name\" \/><\/span> <\/label><br \/>\n<label> Your email<br \/>\n<span class=\"wpcf7-form-control-wrap\" data-name=\"your-email\"><input size=\"40\" maxlength=\"400\" class=\"wpcf7-form-control wpcf7-email wpcf7-validates-as-required wpcf7-text wpcf7-validates-as-email\" autocomplete=\"email\" aria-required=\"true\" aria-invalid=\"false\" value=\"\" type=\"email\" name=\"your-email\" \/><\/span> <\/label><br \/>\n<label> Subject<br \/>\n<span class=\"wpcf7-form-control-wrap\" data-name=\"your-subject\"><input size=\"40\" maxlength=\"400\" class=\"wpcf7-form-control wpcf7-text wpcf7-validates-as-required\" aria-required=\"true\" aria-invalid=\"false\" value=\"\" type=\"text\" name=\"your-subject\" \/><\/span> <\/label><br \/>\n<label> Your message (optional)<br \/>\n<span class=\"wpcf7-form-control-wrap\" data-name=\"your-message\"><textarea cols=\"40\" rows=\"10\" maxlength=\"2000\" class=\"wpcf7-form-control wpcf7-textarea\" aria-invalid=\"false\" name=\"your-message\"><\/textarea><\/span> <\/label><br \/>\n<input class=\"wpcf7-form-control wpcf7-submit has-spinner\" type=\"submit\" value=\"Submit\" \/>\n<\/p><div class=\"wpcf7-response-output\" aria-hidden=\"true\"><\/div>\n<\/form>\n<\/div>\n            <\/div>\n        \t\t\t\t<\/div>\n\t\t\t\t<\/div>\n\t\t\t\t\t<\/div>\n\t\t<\/div>\n\t\t\t\t<div class=\"elementor-column elementor-col-50 elementor-top-column elementor-element elementor-element-9aac5be\" data-id=\"9aac5be\" data-element_type=\"column\">\n\t\t\t<div class=\"elementor-widget-wrap elementor-element-populated\">\n\t\t\t\t\t\t<div class=\"elementor-element elementor-element-676a118 elementor-widget elementor-widget-oxence-info-box\" data-id=\"676a118\" data-element_type=\"widget\" data-widget_type=\"oxence-info-box.default\">\n\t\t\t\t<div class=\"elementor-widget-container\">\n\t\t\t\t\t        <div class=\"oxence-info-box text-left icon-left\">\n                    <div class=\"box-icon\">\n                                                <i aria-hidden=\"true\" class=\"fas fa-map-marker-alt\"><\/i>                                    <\/div>\n                    <div class=\"box-content\">\n                                    <h5 class=\"box-title\">\n                        <span class=\"title-text\">Adresa<\/span>                    <\/h5>\n                                <p class=\"description\">Rruga Andrea Kushi, Ish Fusha e Aviacionit, Tiran\u00eb, Albania<\/p>            <\/div>\n                                <\/div>\n        \t\t\t\t<\/div>\n\t\t\t\t<\/div>\n\t\t\t\t<div class=\"elementor-element elementor-element-3192af2 elementor-widget elementor-widget-oxence-info-box\" data-id=\"3192af2\" data-element_type=\"widget\" data-widget_type=\"oxence-info-box.default\">\n\t\t\t\t<div class=\"elementor-widget-container\">\n\t\t\t\t\t        <div class=\"oxence-info-box text-left icon-left\">\n                    <div class=\"box-icon\">\n                                                <i aria-hidden=\"true\" class=\"fas fa-envelope-open-text\"><\/i>                                    <\/div>\n                    <div class=\"box-content\">\n                                    <h5 class=\"box-title\">\n                        <span class=\"title-text\">email address<\/span>                    <\/h5>\n                                <p class=\"description\">info@favelektrik.al<\/p>            <\/div>\n                                <\/div>\n        \t\t\t\t<\/div>\n\t\t\t\t<\/div>\n\t\t\t\t<div class=\"elementor-element elementor-element-f9929a7 elementor-widget elementor-widget-oxence-info-box\" data-id=\"f9929a7\" data-element_type=\"widget\" data-widget_type=\"oxence-info-box.default\">\n\t\t\t\t<div class=\"elementor-widget-container\">\n\t\t\t\t\t        <div class=\"oxence-info-box text-left icon-left\">\n                    <div class=\"box-icon\">\n                                                <i aria-hidden=\"true\" class=\"fas fa-phone\"><\/i>                                    <\/div>\n                    <div class=\"box-content\">\n                                    <h5 class=\"box-title\">\n                        <span class=\"title-text\">Phone number<\/span>                    <\/h5>\n                                <p class=\"description\">Call: +355 67 20 88 870\nWP: +355 67 20 88 870\nCall: +355 67 20 40 303\nWP: +355 67 20 40 303<\/p>            <\/div>\n                                <\/div>\n        \t\t\t\t<\/div>\n\t\t\t\t<\/div>\n\t\t\t\t<div class=\"elementor-section elementor-inner-section elementor-element elementor-element-315f2d4 elementor-section-full_width elementor-section-height-default elementor-section-height-default\" data-id=\"315f2d4\" data-element_type=\"section\">\n\t\t\t\t\t\t<div class=\"elementor-container elementor-column-gap-default\">\n\t\t\t\t\t<div class=\"elementor-column elementor-col-100 elementor-inner-column elementor-element elementor-element-67608fe\" data-id=\"67608fe\" data-element_type=\"column\">\n\t\t\t<div class=\"elementor-widget-wrap elementor-element-populated\">\n\t\t\t\t\t\t<div class=\"elementor-element elementor-element-040a66c elementor-widget elementor-widget-heading\" data-id=\"040a66c\" data-element_type=\"widget\" data-widget_type=\"heading.default\">\n\t\t\t\t<div class=\"elementor-widget-container\">\n\t\t\t\t\t<h4 class=\"elementor-heading-title elementor-size-default\">Na ndiqni n\u00eb<\/h4>\t\t\t\t<\/div>\n\t\t\t\t<\/div>\n\t\t\t\t<div class=\"elementor-element elementor-element-9c77f21 elementor-shape-circle elementor-grid-0 e-grid-align-center elementor-widget elementor-widget-social-icons\" data-id=\"9c77f21\" data-element_type=\"widget\" data-widget_type=\"social-icons.default\">\n\t\t\t\t<div class=\"elementor-widget-container\">\n\t\t\t\t\t\t\t<div class=\"elementor-social-icons-wrapper elementor-grid\" role=\"list\">\n\t\t\t\t\t\t\t<span class=\"elementor-grid-item\" role=\"listitem\">\n\t\t\t\t\t<a class=\"elementor-icon elementor-social-icon elementor-social-icon-facebook-f elementor-repeater-item-54fd3cc\" href=\"#\" target=\"_blank\">\n\t\t\t\t\t\t<span class=\"elementor-screen-only\">Facebook-f<\/span>\n\t\t\t\t\t\t<i aria-hidden=\"true\" class=\"fab fa-facebook-f\"><\/i>\t\t\t\t\t<\/a>\n\t\t\t\t<\/span>\n\t\t\t\t\t\t\t<span class=\"elementor-grid-item\" role=\"listitem\">\n\t\t\t\t\t<a class=\"elementor-icon elementor-social-icon elementor-social-icon-twitter elementor-repeater-item-672dd95\" href=\"#\" target=\"_blank\">\n\t\t\t\t\t\t<span class=\"elementor-screen-only\">Twitter<\/span>\n\t\t\t\t\t\t<i aria-hidden=\"true\" class=\"fab fa-twitter\"><\/i>\t\t\t\t\t<\/a>\n\t\t\t\t<\/span>\n\t\t\t\t\t\t\t<span class=\"elementor-grid-item\" role=\"listitem\">\n\t\t\t\t\t<a class=\"elementor-icon elementor-social-icon elementor-social-icon-linkedin-in elementor-repeater-item-513794c\" href=\"#\" target=\"_blank\">\n\t\t\t\t\t\t<span class=\"elementor-screen-only\">Linkedin-in<\/span>\n\t\t\t\t\t\t<i aria-hidden=\"true\" class=\"fab fa-linkedin-in\"><\/i>\t\t\t\t\t<\/a>\n\t\t\t\t<\/span>\n\t\t\t\t\t<\/div>\n\t\t\t\t\t\t<\/div>\n\t\t\t\t<\/div>\n\t\t\t\t\t<\/div>\n\t\t<\/div>\n\t\t\t\t\t<\/div>\n\t\t<\/div>\n\t\t\t\t\t<\/div>\n\t\t<\/div>\n\t\t\t\t\t<\/div>\n\t\t<\/section>\n\t\t\t\t<section class=\"elementor-section elementor-top-section elementor-element elementor-element-eab3151 elementor-section-boxed elementor-section-height-default elementor-section-height-default\" data-id=\"eab3151\" data-element_type=\"section\">\n\t\t\t\t\t\t<div class=\"elementor-container elementor-column-gap-default\">\n\t\t\t\t\t<div class=\"elementor-column elementor-col-100 elementor-top-column elementor-element elementor-element-8203fdb\" data-id=\"8203fdb\" data-element_type=\"column\">\n\t\t\t<div class=\"elementor-widget-wrap elementor-element-populated\">\n\t\t\t\t\t\t<section class=\"elementor-section elementor-inner-section elementor-element elementor-element-270d3dd elementor-section-boxed elementor-section-height-default elementor-section-height-default\" data-id=\"270d3dd\" data-element_type=\"section\">\n\t\t\t\t\t\t<div class=\"elementor-container elementor-column-gap-default\">\n\t\t\t\t\t<div class=\"elementor-column elementor-col-100 elementor-inner-column elementor-element elementor-element-bcdc53d\" data-id=\"bcdc53d\" data-element_type=\"column\" data-settings=\"{&quot;background_background&quot;:&quot;classic&quot;}\">\n\t\t\t<div class=\"elementor-widget-wrap elementor-element-populated\">\n\t\t\t\t\t\t<div class=\"elementor-element elementor-element-6fbea16 elementor-widget elementor-widget-heading\" data-id=\"6fbea16\" data-element_type=\"widget\" data-widget_type=\"heading.default\">\n\t\t\t\t<div class=\"elementor-widget-container\">\n\t\t\t\t\t<h5 class=\"elementor-heading-title elementor-size-default\">Tiran\u00eb<\/h5>\t\t\t\t<\/div>\n\t\t\t\t<\/div>\n\t\t\t\t<div class=\"elementor-element elementor-element-6a838d7 elementor-widget elementor-widget-image\" data-id=\"6a838d7\" data-element_type=\"widget\" data-widget_type=\"image.default\">\n\t\t\t\t<div class=\"elementor-widget-container\">\n\t\t\t\t\t\t\t\t\t\t\t\t\t\t\t<img decoding=\"async\" src=\"https:\/\/wp.webtend.net\/oxence\/light\/wp-content\/uploads\/2022\/08\/contact-Illustration-3.png\" title=\"\" alt=\"\" loading=\"lazy\" \/>\t\t\t\t\t\t\t\t\t\t\t\t\t\t\t<\/div>\n\t\t\t\t<\/div>\n\t\t\t\t<div class=\"elementor-element elementor-element-b55fb5b elementor-icon-list--layout-traditional elementor-list-item-link-full_width elementor-widget elementor-widget-icon-list\" data-id=\"b55fb5b\" data-element_type=\"widget\" data-widget_type=\"icon-list.default\">\n\t\t\t\t<div class=\"elementor-widget-container\">\n\t\t\t\t\t\t\t<ul class=\"elementor-icon-list-items\">\n\t\t\t\t\t\t\t<li class=\"elementor-icon-list-item\">\n\t\t\t\t\t\t\t\t\t\t\t<span class=\"elementor-icon-list-icon\">\n\t\t\t\t\t\t\t<i aria-hidden=\"true\" class=\"fas fa-map-marker-alt\"><\/i>\t\t\t\t\t\t<\/span>\n\t\t\t\t\t\t\t\t\t\t<span class=\"elementor-icon-list-text\">Rruga Andrea Kushi, Ish Fusha e Aviacionit, Tiran\u00eb, Albania<\/span>\n\t\t\t\t\t\t\t\t\t<\/li>\n\t\t\t\t\t\t\t\t<li class=\"elementor-icon-list-item\">\n\t\t\t\t\t\t\t\t\t\t\t<span class=\"elementor-icon-list-icon\">\n\t\t\t\t\t\t\t<i aria-hidden=\"true\" class=\"fas fa-envelope\"><\/i>\t\t\t\t\t\t<\/span>\n\t\t\t\t\t\t\t\t\t\t<span class=\"elementor-icon-list-text\">info@favelektril.al<\/span>\n\t\t\t\t\t\t\t\t\t<\/li>\n\t\t\t\t\t\t\t\t<li class=\"elementor-icon-list-item\">\n\t\t\t\t\t\t\t\t\t\t\t<span class=\"elementor-icon-list-icon\">\n\t\t\t\t\t\t\t<i aria-hidden=\"true\" class=\"fas fa-phone\"><\/i>\t\t\t\t\t\t<\/span>\n\t\t\t\t\t\t\t\t\t\t<span class=\"elementor-icon-list-text\">+355672088870<\/span>\n\t\t\t\t\t\t\t\t\t<\/li>\n\t\t\t\t\t\t\t\t<li class=\"elementor-icon-list-item\">\n\t\t\t\t\t\t\t\t\t\t\t<span class=\"elementor-icon-list-icon\">\n\t\t\t\t\t\t\t<i aria-hidden=\"true\" class=\"fas fa-phone\"><\/i>\t\t\t\t\t\t<\/span>\n\t\t\t\t\t\t\t\t\t\t<span class=\"elementor-icon-list-text\">+355672040303<\/span>\n\t\t\t\t\t\t\t\t\t<\/li>\n\t\t\t\t\t\t<\/ul>\n\t\t\t\t\t\t<\/div>\n\t\t\t\t<\/div>\n\t\t\t\t\t<\/div>\n\t\t<\/div>\n\t\t\t\t\t<\/div>\n\t\t<\/section>\n\t\t\t\t\t<\/div>\n\t\t<\/div>\n\t\t\t\t\t<\/div>\n\t\t<\/section>\n\t\t\t\t<section class=\"elementor-section elementor-top-section elementor-element elementor-element-72daa62 elementor-section-full_width elementor-section-height-default elementor-section-height-default\" data-id=\"72daa62\" data-element_type=\"section\">\n\t\t\t\t\t\t<div class=\"elementor-container elementor-column-gap-default\">\n\t\t\t\t\t<div class=\"elementor-column elementor-col-100 elementor-top-column elementor-element elementor-element-26deb34\" data-id=\"26deb34\" data-element_type=\"column\">\n\t\t\t<div class=\"elementor-widget-wrap elementor-element-populated\">\n\t\t\t\t\t\t<div class=\"elementor-element elementor-element-2d1fbea elementor-widget elementor-widget-google_maps\" data-id=\"2d1fbea\" data-element_type=\"widget\" data-widget_type=\"google_maps.default\">\n\t\t\t\t<div class=\"elementor-widget-container\">\n\t\t\t\t\t\t\t<div class=\"elementor-custom-embed\">\n\t\t\t<iframe loading=\"lazy\"\n\t\t\t\t\tsrc=\"https:\/\/maps.google.com\/maps?q=FAV%20elektrik&#038;t=m&#038;z=11&#038;output=embed&#038;iwloc=near\"\n\t\t\t\t\ttitle=\"FAV elektrik\"\n\t\t\t\t\taria-label=\"FAV elektrik\"\n\t\t\t><\/iframe>\n\t\t<\/div>\n\t\t\t\t\t\t<\/div>\n\t\t\t\t<\/div>\n\t\t\t\t\t<\/div>\n\t\t<\/div>\n\t\t\t\t\t<\/div>\n\t\t<\/section>\n\t\t\t\t<\/div>\n\t\t","protected":false},"excerpt":{"rendered":"<p>Contact Us Let\u2019s Start New Project or work Together! Contact With us Sed ut perspiciatis unde omnis iste natus error sit voluptatem accusantium doloremque lauda tiumes totam rem aperiam, eaque ipsa quae ab illo inventore veritatis et quasi architecto Error: Contact form not found. Adresa Rruga Andrea Kushi, Ish Fusha e Aviacionit, Tiran\u00eb, Albania email [&hellip;]<\/p>\n","protected":false},"author":2,"featured_media":0,"parent":0,"menu_order":0,"comment_status":"closed","ping_status":"closed","template":"","meta":{"pagelayer_contact_templates":[],"_pagelayer_content":"","footnotes":""},"class_list":["post-1393","page","type-page","status-publish","hentry"],"_links":{"self":[{"href":"https:\/\/favelektrik.al\/wp\/index.php?rest_route=\/wp\/v2\/pages\/1393","targetHints":{"allow":["GET"]}}],"collection":[{"href":"https:\/\/favelektrik.al\/wp\/index.php?rest_route=\/wp\/v2\/pages"}],"about":[{"href":"https:\/\/favelektrik.al\/wp\/index.php?rest_route=\/wp\/v2\/types\/page"}],"author":[{"embeddable":true,"href":"https:\/\/favelektrik.al\/wp\/index.php?rest_route=\/wp\/v2\/users\/2"}],"replies":[{"embeddable":true,"href":"https:\/\/favelektrik.al\/wp\/index.php?rest_route=%2Fwp%2Fv2%2Fcomments&post=1393"}],"version-history":[{"count":21,"href":"https:\/\/favelektrik.al\/wp\/index.php?rest_route=\/wp\/v2\/pages\/1393\/revisions"}],"predecessor-version":[{"id":5346,"href":"https:\/\/favelektrik.al\/wp\/index.php?rest_route=\/wp\/v2\/pages\/1393\/revisions\/5346"}],"wp:attachment":[{"href":"https:\/\/favelektrik.al\/wp\/index.php?rest_route=%2Fwp%2Fv2%2Fmedia&parent=1393"}],"curies":[{"name":"wp","href":"https:\/\/api.w.org\/{rel}","templated":true}]}}