{"id":5335,"date":"2025-03-25T10:40:11","date_gmt":"2025-03-25T09:40:11","guid":{"rendered":"https:\/\/favelektrik.al\/wp\/?page_id=5335"},"modified":"2025-12-17T20:34:45","modified_gmt":"2025-12-17T19:34:45","slug":"projekte-2","status":"publish","type":"page","link":"https:\/\/favelektrik.al\/wp\/?page_id=5335","title":{"rendered":"Projekte"},"content":{"rendered":"\t\t<div data-elementor-type=\"wp-page\" data-elementor-id=\"5335\" class=\"elementor elementor-5335\" data-elementor-post-type=\"page\">\n\t\t\t\t\t\t<section class=\"elementor-section elementor-top-section elementor-element elementor-element-b038cd9 elementor-section-boxed elementor-section-height-default elementor-section-height-default\" data-id=\"b038cd9\" data-element_type=\"section\">\n\t\t\t\t\t\t<div class=\"elementor-container elementor-column-gap-default\">\n\t\t\t\t\t<div class=\"elementor-column elementor-col-100 elementor-top-column elementor-element elementor-element-c218505\" data-id=\"c218505\" data-element_type=\"column\">\n\t\t\t<div class=\"elementor-widget-wrap elementor-element-populated\">\n\t\t\t\t\t\t<section class=\"elementor-section elementor-inner-section elementor-element elementor-element-57ef6b9 elementor-section-boxed elementor-section-height-default elementor-section-height-default\" data-id=\"57ef6b9\" data-element_type=\"section\">\n\t\t\t\t\t\t<div class=\"elementor-container elementor-column-gap-default\">\n\t\t\t\t\t<div class=\"elementor-column elementor-col-50 elementor-inner-column elementor-element elementor-element-d72f151\" data-id=\"d72f151\" data-element_type=\"column\">\n\t\t\t<div class=\"elementor-widget-wrap elementor-element-populated\">\n\t\t\t\t\t\t<div class=\"elementor-element elementor-element-0de35cf elementor-widget elementor-widget-oxence-advanced-heading\" data-id=\"0de35cf\" data-element_type=\"widget\" data-widget_type=\"oxence-advanced-heading.default\">\n\t\t\t\t<div class=\"elementor-widget-container\">\n\t\t\t\t\t        <div class=\"oxence-advanced-heading\">\n                        <h3 class=\"main-heading\"><span class=\"main-text\">Ju prezantojm\u00eb<br>Projektet tona <\/span><\/h3>        <\/div>\n        \t\t\t\t<\/div>\n\t\t\t\t<\/div>\n\t\t\t\t\t<\/div>\n\t\t<\/div>\n\t\t\t\t<div class=\"elementor-column elementor-col-50 elementor-inner-column elementor-element elementor-element-74ed93d\" data-id=\"74ed93d\" data-element_type=\"column\">\n\t\t\t<div class=\"elementor-widget-wrap\">\n\t\t\t\t\t\t\t<\/div>\n\t\t<\/div>\n\t\t\t\t\t<\/div>\n\t\t<\/section>\n\t\t\t\t<div class=\"elementor-element elementor-element-a27dc1b elementor-widget__width-initial elementor-invisible elementor-widget elementor-widget-oxence-info-box\" data-id=\"a27dc1b\" data-element_type=\"widget\" data-settings=\"{&quot;_animation&quot;:&quot;fadeInUp&quot;,&quot;_animation_delay&quot;:800}\" data-widget_type=\"oxence-info-box.default\">\n\t\t\t\t<div class=\"elementor-widget-container\">\n\t\t\t\t\t        <div class=\"oxence-info-box text-center icon-top\">\n                    <div class=\"box-icon\">\n                            <img decoding=\"async\" src=\"https:\/\/favelektrik.al\/wp\/wp-content\/uploads\/2025\/12\/tia.png\" alt=\"Tirana International Airport &quot;N\u00ebn\u00eb Tereza&quot;\">\n                    <\/div>\n                    <div class=\"box-content\">\n                                    <h4 class=\"box-title\">\n                        <span class=\"title-text\">Tirana International Airport \"N\u00ebn\u00eb Tereza\"<\/span>                    <\/h4>\n                                                        <a class=\"read-more icon-right\" href=\"https:\/\/favelektrik.al\/wp\/?page_id=5353\">\n                            <span >M\u00ebso m\u00eb shum\u00eb<\/span>\n                            <i aria-hidden=\"true\" class=\"fas fa-angle-double-right\"><\/i>                        <\/a>\n                                    <\/div>\n                                <\/div>\n        \t\t\t\t<\/div>\n\t\t\t\t<\/div>\n\t\t\t\t<div class=\"elementor-element elementor-element-f5128e6 elementor-widget__width-initial elementor-invisible elementor-widget elementor-widget-oxence-info-box\" data-id=\"f5128e6\" data-element_type=\"widget\" data-settings=\"{&quot;_animation&quot;:&quot;fadeInUp&quot;,&quot;_animation_delay&quot;:800}\" data-widget_type=\"oxence-info-box.default\">\n\t\t\t\t<div class=\"elementor-widget-container\">\n\t\t\t\t\t        <div class=\"oxence-info-box text-center icon-top\">\n                    <div class=\"box-icon\">\n                            <img decoding=\"async\" src=\"https:\/\/favelektrik.al\/wp\/wp-content\/uploads\/2025\/03\/albsig.png\" alt=\"Albsig Head Office\">\n                    <\/div>\n                    <div class=\"box-content\">\n                                    <h4 class=\"box-title\">\n                        <span class=\"title-text\">Albsig Head Office<\/span>                    <\/h4>\n                                                        <a class=\"read-more icon-right\" href=\"https:\/\/favelektrik.al\/wp\/?page_id=5293\">\n                            <span >M\u00ebso m\u00eb shum\u00eb<\/span>\n                            <i aria-hidden=\"true\" class=\"fas fa-angle-double-right\"><\/i>                        <\/a>\n                                    <\/div>\n                                <\/div>\n        \t\t\t\t<\/div>\n\t\t\t\t<\/div>\n\t\t\t\t<div class=\"elementor-element elementor-element-81a0127 elementor-widget__width-initial elementor-invisible elementor-widget elementor-widget-oxence-info-box\" data-id=\"81a0127\" data-element_type=\"widget\" data-settings=\"{&quot;_animation&quot;:&quot;fadeInUp&quot;,&quot;_animation_delay&quot;:800}\" data-widget_type=\"oxence-info-box.default\">\n\t\t\t\t<div class=\"elementor-widget-container\">\n\t\t\t\t\t        <div class=\"oxence-info-box text-center icon-top\">\n                    <div class=\"box-icon\">\n                            <img decoding=\"async\" src=\"https:\/\/favelektrik.al\/wp\/wp-content\/uploads\/2025\/03\/aluglass.svg\" alt=\"Kapanoni i Xhamave AluGlass\">\n                    <\/div>\n                    <div class=\"box-content\">\n                                    <h4 class=\"box-title\">\n                        <span class=\"title-text\">Kapanoni i Xhamave AluGlass<\/span>                    <\/h4>\n                                                        <a class=\"read-more icon-right\" href=\"https:\/\/favelektrik.al\/wp\/?page_id=1792\">\n                            <span >M\u00ebso m\u00eb shum\u00eb<\/span>\n                            <i aria-hidden=\"true\" class=\"fas fa-angle-double-right\"><\/i>                        <\/a>\n                                    <\/div>\n                                <\/div>\n        \t\t\t\t<\/div>\n\t\t\t\t<\/div>\n\t\t\t\t<div class=\"elementor-element elementor-element-750fc5d elementor-widget__width-initial elementor-invisible elementor-widget elementor-widget-oxence-info-box\" data-id=\"750fc5d\" data-element_type=\"widget\" data-settings=\"{&quot;_animation&quot;:&quot;fadeInUp&quot;,&quot;_animation_delay&quot;:800}\" data-widget_type=\"oxence-info-box.default\">\n\t\t\t\t<div class=\"elementor-widget-container\">\n\t\t\t\t\t        <div class=\"oxence-info-box text-center icon-top\">\n                    <div class=\"box-icon\">\n                            <img decoding=\"async\" src=\"https:\/\/favelektrik.al\/wp\/wp-content\/uploads\/2025\/03\/Pajtoni-Center.png\" alt=\"Pajtoni Center\">\n                    <\/div>\n                    <div class=\"box-content\">\n                                    <h4 class=\"box-title\">\n                        <span class=\"title-text\">Pajtoni Center<\/span>                    <\/h4>\n                                                        <a class=\"read-more icon-right\" href=\"https:\/\/favelektrik.al\/wp\/?page_id=5309\">\n                            <span >M\u00ebso m\u00eb shum\u00eb<\/span>\n                            <i aria-hidden=\"true\" class=\"fas fa-angle-double-right\"><\/i>                        <\/a>\n                                    <\/div>\n                                <\/div>\n        \t\t\t\t<\/div>\n\t\t\t\t<\/div>\n\t\t\t\t<div class=\"elementor-element elementor-element-d9ecbc8 elementor-widget__width-initial elementor-invisible elementor-widget elementor-widget-oxence-info-box\" data-id=\"d9ecbc8\" data-element_type=\"widget\" data-settings=\"{&quot;_animation&quot;:&quot;fadeInUp&quot;,&quot;_animation_delay&quot;:800}\" data-widget_type=\"oxence-info-box.default\">\n\t\t\t\t<div class=\"elementor-widget-container\">\n\t\t\t\t\t        <div class=\"oxence-info-box text-center icon-top\">\n                    <div class=\"box-icon\">\n                            <img decoding=\"async\" src=\"https:\/\/favelektrik.al\/wp\/wp-content\/uploads\/2025\/03\/melia-.png\" alt=\"Melia Hotel Durres\">\n                    <\/div>\n                    <div class=\"box-content\">\n                                    <h4 class=\"box-title\">\n                        <span class=\"title-text\">Melia Hotel Durres<\/span>                    <\/h4>\n                                                        <a class=\"read-more icon-right\" href=\"https:\/\/favelektrik.al\/wp\/?page_id=5237\">\n                            <span >M\u00ebso m\u00eb shum\u00eb<\/span>\n                            <i aria-hidden=\"true\" class=\"fas fa-angle-double-right\"><\/i>                        <\/a>\n                                    <\/div>\n                                <\/div>\n        \t\t\t\t<\/div>\n\t\t\t\t<\/div>\n\t\t\t\t<div class=\"elementor-element elementor-element-65813bc elementor-widget__width-initial elementor-invisible elementor-widget elementor-widget-oxence-info-box\" data-id=\"65813bc\" data-element_type=\"widget\" data-settings=\"{&quot;_animation&quot;:&quot;fadeInUp&quot;,&quot;_animation_delay&quot;:800}\" data-widget_type=\"oxence-info-box.default\">\n\t\t\t\t<div class=\"elementor-widget-container\">\n\t\t\t\t\t        <div class=\"oxence-info-box text-center icon-top\">\n                    <div class=\"box-icon\">\n                            <img decoding=\"async\" src=\"https:\/\/favelektrik.al\/wp\/wp-content\/uploads\/2025\/03\/ikonsglobal-logo.svg\" alt=\"Zyrat Ikons\">\n                    <\/div>\n                    <div class=\"box-content\">\n                                    <h4 class=\"box-title\">\n                        <span class=\"title-text\">Zyrat Ikons<\/span>                    <\/h4>\n                                            <\/div>\n                                <\/div>\n        \t\t\t\t<\/div>\n\t\t\t\t<\/div>\n\t\t\t\t<div class=\"elementor-element elementor-element-8d2b225 elementor-widget__width-initial elementor-invisible elementor-widget elementor-widget-oxence-info-box\" data-id=\"8d2b225\" data-element_type=\"widget\" data-settings=\"{&quot;_animation&quot;:&quot;fadeInUp&quot;,&quot;_animation_delay&quot;:800}\" data-widget_type=\"oxence-info-box.default\">\n\t\t\t\t<div class=\"elementor-widget-container\">\n\t\t\t\t\t        <div class=\"oxence-info-box text-center icon-top\">\n                    <div class=\"box-icon\">\n                            <img decoding=\"async\" src=\"https:\/\/favelektrik.al\/wp\/wp-content\/uploads\/2025\/03\/forschner.png\" alt=\"Forschner Albania Shpk\">\n                    <\/div>\n                    <div class=\"box-content\">\n                                    <h4 class=\"box-title\">\n                        <span class=\"title-text\">Forschner Albania Shpk<\/span>                    <\/h4>\n                                            <\/div>\n                                <\/div>\n        \t\t\t\t<\/div>\n\t\t\t\t<\/div>\n\t\t\t\t<div class=\"elementor-element elementor-element-e32371c elementor-widget__width-initial elementor-invisible elementor-widget elementor-widget-oxence-info-box\" data-id=\"e32371c\" data-element_type=\"widget\" data-settings=\"{&quot;_animation&quot;:&quot;fadeInUp&quot;,&quot;_animation_delay&quot;:800}\" data-widget_type=\"oxence-info-box.default\">\n\t\t\t\t<div class=\"elementor-widget-container\">\n\t\t\t\t\t        <div class=\"oxence-info-box text-center icon-top\">\n                    <div class=\"box-icon\">\n                            <img decoding=\"async\" src=\"https:\/\/favelektrik.al\/wp\/wp-content\/uploads\/2025\/03\/epoka.png\" alt=\"Epoka University - Fakulteti i Drejt\u00ebsis\u00eb\">\n                    <\/div>\n                    <div class=\"box-content\">\n                                    <h4 class=\"box-title\">\n                        <span class=\"title-text\">Epoka University - Fakulteti i Drejt\u00ebsis\u00eb<\/span>                    <\/h4>\n                                            <\/div>\n                                <\/div>\n        \t\t\t\t<\/div>\n\t\t\t\t<\/div>\n\t\t\t\t<div class=\"elementor-element elementor-element-927f50d elementor-widget__width-initial elementor-invisible elementor-widget elementor-widget-oxence-info-box\" data-id=\"927f50d\" data-element_type=\"widget\" data-settings=\"{&quot;_animation&quot;:&quot;fadeInUp&quot;,&quot;_animation_delay&quot;:800}\" data-widget_type=\"oxence-info-box.default\">\n\t\t\t\t<div class=\"elementor-widget-container\">\n\t\t\t\t\t        <div class=\"oxence-info-box text-center icon-top\">\n                    <div class=\"box-icon\">\n                            <img decoding=\"async\" src=\"https:\/\/favelektrik.al\/wp\/wp-content\/uploads\/2025\/03\/procredit.jpeg\" alt=\"ProCredit Bank\">\n                    <\/div>\n                    <div class=\"box-content\">\n                                    <h4 class=\"box-title\">\n                        <span class=\"title-text\">ProCredit Bank<\/span>                    <\/h4>\n                                            <\/div>\n                                <\/div>\n        \t\t\t\t<\/div>\n\t\t\t\t<\/div>\n\t\t\t\t\t<\/div>\n\t\t<\/div>\n\t\t\t\t\t<\/div>\n\t\t<\/section>\n\t\t\t\t<\/div>\n\t\t","protected":false},"excerpt":{"rendered":"<p>Ju prezantojm\u00ebProjektet tona Tirana International Airport &#8220;N\u00ebn\u00eb Tereza&#8221; M\u00ebso m\u00eb shum\u00eb Albsig Head Office M\u00ebso m\u00eb shum\u00eb Kapanoni i Xhamave AluGlass M\u00ebso m\u00eb shum\u00eb Pajtoni Center M\u00ebso m\u00eb shum\u00eb Melia Hotel Durres M\u00ebso m\u00eb shum\u00eb Zyrat Ikons Forschner Albania Shpk Epoka University &#8211; Fakulteti i Drejt\u00ebsis\u00eb ProCredit Bank<\/p>\n","protected":false},"author":2,"featured_media":0,"parent":0,"menu_order":0,"comment_status":"closed","ping_status":"closed","template":"","meta":{"pagelayer_contact_templates":[],"_pagelayer_content":"","footnotes":""},"class_list":["post-5335","page","type-page","status-publish","hentry"],"_links":{"self":[{"href":"https:\/\/favelektrik.al\/wp\/index.php?rest_route=\/wp\/v2\/pages\/5335","targetHints":{"allow":["GET"]}}],"collection":[{"href":"https:\/\/favelektrik.al\/wp\/index.php?rest_route=\/wp\/v2\/pages"}],"about":[{"href":"https:\/\/favelektrik.al\/wp\/index.php?rest_route=\/wp\/v2\/types\/page"}],"author":[{"embeddable":true,"href":"https:\/\/favelektrik.al\/wp\/index.php?rest_route=\/wp\/v2\/users\/2"}],"replies":[{"embeddable":true,"href":"https:\/\/favelektrik.al\/wp\/index.php?rest_route=%2Fwp%2Fv2%2Fcomments&post=5335"}],"version-history":[{"count":7,"href":"https:\/\/favelektrik.al\/wp\/index.php?rest_route=\/wp\/v2\/pages\/5335\/revisions"}],"predecessor-version":[{"id":5358,"href":"https:\/\/favelektrik.al\/wp\/index.php?rest_route=\/wp\/v2\/pages\/5335\/revisions\/5358"}],"wp:attachment":[{"href":"https:\/\/favelektrik.al\/wp\/index.php?rest_route=%2Fwp%2Fv2%2Fmedia&parent=5335"}],"curies":[{"name":"wp","href":"https:\/\/api.w.org\/{rel}","templated":true}]}}