{"id":5353,"date":"2025-12-17T20:34:28","date_gmt":"2025-12-17T19:34:28","guid":{"rendered":"https:\/\/favelektrik.al\/wp\/?page_id=5353"},"modified":"2025-12-17T21:11:11","modified_gmt":"2025-12-17T20:11:11","slug":"tirana-internation-airport","status":"publish","type":"page","link":"https:\/\/favelektrik.al\/wp\/?page_id=5353","title":{"rendered":"Tirana Internation Airport"},"content":{"rendered":"\t\t<div data-elementor-type=\"wp-page\" data-elementor-id=\"5353\" class=\"elementor elementor-5353\" data-elementor-post-type=\"page\">\n\t\t\t\t\t\t<section class=\"elementor-section elementor-top-section elementor-element elementor-element-3338d47 elementor-section-boxed elementor-section-height-default elementor-section-height-default\" data-id=\"3338d47\" data-element_type=\"section\">\n\t\t\t\t\t\t<div class=\"elementor-container elementor-column-gap-default\">\n\t\t\t\t\t<div class=\"elementor-column elementor-col-100 elementor-top-column elementor-element elementor-element-b5dc792\" data-id=\"b5dc792\" data-element_type=\"column\">\n\t\t\t<div class=\"elementor-widget-wrap elementor-element-populated\">\n\t\t\t\t\t\t<div class=\"elementor-element elementor-element-08be119 elementor-widget elementor-widget-icon-box\" data-id=\"08be119\" data-element_type=\"widget\" data-widget_type=\"icon-box.default\">\n\t\t\t\t<div class=\"elementor-widget-container\">\n\t\t\t\t\t\t\t<div class=\"elementor-icon-box-wrapper\">\n\n\t\t\t\n\t\t\t\t\t\t<div class=\"elementor-icon-box-content\">\n\n\t\t\t\t\t\t\t\t\t<h3 class=\"elementor-icon-box-title\">\n\t\t\t\t\t\t<span  >\n\t\t\t\t\t\t\tInformacion mbi projektin\t\t\t\t\t\t<\/span>\n\t\t\t\t\t<\/h3>\n\t\t\t\t\n\t\t\t\t\n\t\t\t<\/div>\n\t\t\t\n\t\t<\/div>\n\t\t\t\t\t\t<\/div>\n\t\t\t\t<\/div>\n\t\t\t\t<div class=\"elementor-element elementor-element-9e403f4 elementor-widget__width-initial elementor-widget elementor-widget-text-editor\" data-id=\"9e403f4\" data-element_type=\"widget\" data-widget_type=\"text-editor.default\">\n\t\t\t\t<div class=\"elementor-widget-container\">\n\t\t\t\t\t\t\t\t\t<h3 data-start=\"0\" data-end=\"74\">\u00a0<\/h3><h3 data-start=\"0\" data-end=\"74\">Ndri\u00e7imi i fasad\u00ebs s\u00eb re n\u00eb Aeroportin Nd\u00ebrkomb\u00ebtar t\u00eb Tiran\u00ebs<\/h3><p data-start=\"76\" data-end=\"356\">Kompania jon\u00eb ka p\u00ebrfunduar me sukses nj\u00eb nga projektet m\u00eb t\u00eb ve\u00e7anta dhe m\u00eb prestiqoze t\u00eb viteve t\u00eb fundit: instalimin e plot\u00eb t\u00eb sistemit t\u00eb ndri\u00e7imit t\u00eb fasad\u00ebs s\u00eb re t\u00eb Aeroportit Nd\u00ebrkomb\u00ebtar t\u00eb Tiran\u00ebs.<\/p><h6 data-start=\"358\" data-end=\"388\">N\u00eb k\u00ebt\u00eb projekt u realizua:<\/h6><p data-start=\"389\" data-end=\"1094\"><img decoding=\"async\" class=\"emoji\" role=\"img\" draggable=\"false\" src=\"https:\/\/s.w.org\/images\/core\/emoji\/17.0.2\/svg\/2705.svg\" alt=\"\u2705\" \/> Instalimi dhe konfigurimi i qindra ndri\u00e7uesve LED me efikasitet t\u00eb lart\u00eb<br data-start=\"543\" data-end=\"546\" \/><img decoding=\"async\" class=\"emoji\" role=\"img\" draggable=\"false\" src=\"https:\/\/s.w.org\/images\/core\/emoji\/17.0.2\/svg\/2705.svg\" alt=\"\u2705\" \/> Integrimi i sistemit t\u00eb kontrollit t\u00eb dritave p\u00ebr skema dinamike dhe ngjyra t\u00eb ndryshme<br data-start=\"676\" data-end=\"679\" \/><img decoding=\"async\" class=\"emoji\" role=\"img\" draggable=\"false\" src=\"https:\/\/s.w.org\/images\/core\/emoji\/17.0.2\/svg\/2705.svg\" alt=\"\u2705\" \/> Kabllimi dhe infrastruktura elektrike sipas standardeve nd\u00ebrkomb\u00ebtare t\u00eb siguris\u00eb<br data-start=\"812\" data-end=\"815\" \/><img decoding=\"async\" class=\"emoji\" role=\"img\" draggable=\"false\" src=\"https:\/\/s.w.org\/images\/core\/emoji\/17.0.2\/svg\/2705.svg\" alt=\"\u2705\" \/> Testim i plot\u00eb, programim dhe dor\u00ebzim funksional i instalimit<\/p><p data-start=\"896\" data-end=\"1257\">Fasada e aeroportit p\u00ebrb\u00ebhet nga nj\u00eb struktur\u00eb arkitekturore moderne, e dizajnuar p\u00ebr t\u00eb krijuar efekte vizuale t\u00eb fuqishme gjat\u00eb nat\u00ebs. Instalimi yn\u00eb elektroteknik ka b\u00ebr\u00eb t\u00eb mundur q\u00eb kjo fasad\u00eb t\u00eb shndrit\u00eb n\u00eb m\u00ebnyr\u00eb uniforme, estetike dhe t\u00ebrheq\u00ebse, duke i dh\u00ebn\u00eb aeroportit identitet t\u00eb ri vizual dhe duke p\u00ebrmir\u00ebsuar p\u00ebrvoj\u00ebn e pasagjer\u00ebve dhe vizitor\u00ebve.<\/p><p data-start=\"1259\" data-end=\"1420\">Ky projekt konfirmon edhe nj\u00eb her\u00eb aft\u00ebsin\u00eb ton\u00eb p\u00ebr t\u00eb ofruar punime elektrike t\u00eb nivelit t\u00eb lart\u00eb, n\u00eb ambiente komplekse dhe me k\u00ebrkesa t\u00eb avancuara teknike.<\/p><p data-start=\"1422\" data-end=\"1592\">N\u00ebse jeni duke planifikuar nj\u00eb projekt ndri\u00e7imi arkitekturor, industrial ose komercial, jemi gati t\u2019ju mb\u00ebshtesim me zgjidhje t\u00eb sigurta, efikase dhe t\u00eb personalizuara.<\/p>\t\t\t\t\t\t\t\t<\/div>\n\t\t\t\t<\/div>\n\t\t\t\t<div class=\"elementor-element elementor-element-351436a elementor-widget__width-initial elementor-widget elementor-widget-oxence-play-video\" data-id=\"351436a\" data-element_type=\"widget\" data-widget_type=\"oxence-play-video.default\">\n\t\t\t\t<div class=\"elementor-widget-container\">\n\t\t\t\t\t        <div class=\"oxence-video\">\n                            <div class=\"oxence-image\" style=\"background-image: url( https:\/\/favelektrik.al\/wp\/wp-content\/uploads\/2025\/12\/tia4.jpg );\">\n                                            <a href=\"https:\/\/favelektrik.al\/wp\/wp-content\/uploads\/2025\/12\/tiavideo.mp4\" class=\"popup-video animated-border\"><i class=\"fas fa-play\"><\/i><\/a>\n                                    <\/div>\n                    <\/div>\n        \t\t\t\t<\/div>\n\t\t\t\t<\/div>\n\t\t\t\t\t<\/div>\n\t\t<\/div>\n\t\t\t\t\t<\/div>\n\t\t<\/section>\n\t\t\t\t<\/div>\n\t\t","protected":false},"excerpt":{"rendered":"<p>Informacion mbi projektin \u00a0 Ndri\u00e7imi i fasad\u00ebs s\u00eb re n\u00eb Aeroportin Nd\u00ebrkomb\u00ebtar t\u00eb Tiran\u00ebs Kompania jon\u00eb ka p\u00ebrfunduar me sukses nj\u00eb nga projektet m\u00eb t\u00eb ve\u00e7anta dhe m\u00eb prestiqoze t\u00eb viteve t\u00eb fundit: instalimin e plot\u00eb t\u00eb sistemit t\u00eb ndri\u00e7imit t\u00eb fasad\u00ebs s\u00eb re t\u00eb Aeroportit Nd\u00ebrkomb\u00ebtar t\u00eb Tiran\u00ebs. N\u00eb k\u00ebt\u00eb projekt u realizua: Instalimi [&hellip;]<\/p>\n","protected":false},"author":2,"featured_media":0,"parent":0,"menu_order":0,"comment_status":"closed","ping_status":"closed","template":"","meta":{"pagelayer_contact_templates":[],"_pagelayer_content":"","footnotes":""},"class_list":["post-5353","page","type-page","status-publish","hentry"],"_links":{"self":[{"href":"https:\/\/favelektrik.al\/wp\/index.php?rest_route=\/wp\/v2\/pages\/5353","targetHints":{"allow":["GET"]}}],"collection":[{"href":"https:\/\/favelektrik.al\/wp\/index.php?rest_route=\/wp\/v2\/pages"}],"about":[{"href":"https:\/\/favelektrik.al\/wp\/index.php?rest_route=\/wp\/v2\/types\/page"}],"author":[{"embeddable":true,"href":"https:\/\/favelektrik.al\/wp\/index.php?rest_route=\/wp\/v2\/users\/2"}],"replies":[{"embeddable":true,"href":"https:\/\/favelektrik.al\/wp\/index.php?rest_route=%2Fwp%2Fv2%2Fcomments&post=5353"}],"version-history":[{"count":4,"href":"https:\/\/favelektrik.al\/wp\/index.php?rest_route=\/wp\/v2\/pages\/5353\/revisions"}],"predecessor-version":[{"id":5363,"href":"https:\/\/favelektrik.al\/wp\/index.php?rest_route=\/wp\/v2\/pages\/5353\/revisions\/5363"}],"wp:attachment":[{"href":"https:\/\/favelektrik.al\/wp\/index.php?rest_route=%2Fwp%2Fv2%2Fmedia&parent=5353"}],"curies":[{"name":"wp","href":"https:\/\/api.w.org\/{rel}","templated":true}]}}